{"id":1693,"date":"2025-04-07T14:28:17","date_gmt":"2025-04-07T12:28:17","guid":{"rendered":"https:\/\/jaimesoroa.com\/services\/traitement-des-donnees-dans-le-cloud\/"},"modified":"2025-04-12T14:12:56","modified_gmt":"2025-04-12T12:12:56","slug":"traitement-des-donnees-dans-le-cloud","status":"publish","type":"page","link":"https:\/\/jaimesoroa.com\/fr\/services\/traitement-des-donnees-dans-le-cloud\/","title":{"rendered":"Traitement des donn\u00e9es dans le cloud"},"content":{"rendered":"\n\t<section class=\"section dark\" id=\"section_1440777211\">\n\t\t<div class=\"section-bg fill\" >\n\t\t\t<img loading=\"lazy\" decoding=\"async\" width=\"1920\" height=\"959\" src=\"https:\/\/jaimesoroa.com\/wp-content\/uploads\/Procesamiento_Datos_Nube-Jaime_Soroa.webp\" class=\"bg attachment-original size-original\" alt=\"Procesamiento Datos Nube Jaime Soroa\" \/>\t\t\t\t\t\t<div class=\"section-bg-overlay absolute fill\"><\/div>\n\t\t\t\n\n\t\t<\/div>\n\n\t\t\n\n\t\t<div class=\"section-content relative\">\n\t\t\t\n<div class=\"row align-middle\"  id=\"row-754090459\">\n\n\t<div id=\"col-2064313099\" class=\"col large-12\"  >\n\t\t\t\t<div class=\"col-inner\"  >\n\t\t\t\n\t\t\t\n\t<div id=\"text-3626997697\" class=\"text highlight\">\n\t\t\n<h1><span>Traitement des donn\u00e9es dans le cloud<\/span><\/h1>\n<p><span style=\"font-size:1.2rem\">\u2501 <span><span><a href=\"https:\/\/jaimesoroa.com\/fr\/inicio\/\">Jaime Soroa<\/a><\/span><\/span><\/span><\/p>\n\t\t\t<\/div>\n\t\n\t\t<\/div>\n\t\t\t\t\t<\/div>\n\n\t\n<\/div>\n\t\t<\/div>\n\n\t\t\n<style>\n#section_1440777211 {\n  padding-top: 30px;\n  padding-bottom: 30px;\n  min-height: 600px;\n}\n#section_1440777211 .section-bg-overlay {\n  background-color: rgba(39, 8, 160, 0.6);\n}\n<\/style>\n\t<\/section>\n\t\n\n\t<section class=\"section highlight\" id=\"section_646934966\">\n\t\t<div class=\"section-bg fill\" >\n\t\t\t\t\t\t\t\t\t\n\t\t\t\n\n\t\t<\/div>\n\n\t\t\n\n\t\t<div class=\"section-content relative\">\n\t\t\t\n<div class=\"row\"  id=\"row-205381224\">\n\n\t<div id=\"col-683159986\" class=\"col medium-6 small-12 large-6\"  >\n\t\t<div class=\"is-sticky-column\"><div class=\"is-sticky-column__inner\">\t\t<div class=\"col-inner\"  >\n\t\t\t\n\t\t\t\n\n<div class=\"spinner-wrap\">\n<div class=\"spinner-item\"><\/div>\n<div class=\"spinner-item spinner-item--2\"><\/div>\n<div class=\"spinner-item spinner-item--3\"><\/div>\n<\/div>\n\n\t\t<\/div>\n\t\t<\/div><\/div>\t\t\n<style>\n#col-683159986 > .is-sticky-column > .is-sticky-column__inner > .col-inner {\n  padding: 0px 0px 120px 0px;\n  margin: -40px 0px 0px 0px;\n}\n<\/style>\n\t<\/div>\n\n\t\n\n\t<div id=\"col-12924712\" class=\"col medium-6 small-12 large-6\"  >\n\t\t\t\t<div class=\"col-inner\"  >\n\t\t\t\n\t\t\t\n<p>Les solutions cloud ont r\u00e9volutionn\u00e9 la mani\u00e8re dont les entreprises g\u00e8rent leurs donn\u00e9es. Il est d\u00e9sormais possible de stocker, traiter et analyser des informations \u00e0 grande \u00e9chelle sans investir dans une infrastructure physique. Avec mes services de <strong>traitement des donn\u00e9es dans le cloud<\/strong>, je vous aide \u00e0 exploiter le potentiel de plateformes telles que <strong>Google Cloud, Amazon Web Services (AWS) ou Microsoft Azure<\/strong> pour faire \u00e9voluer vos processus analytiques et am\u00e9liorer la performance de vos op\u00e9rations.  <\/p>\n<p>Je con\u00e7ois des architectures modernes bas\u00e9es sur le cloud computing, en d\u00e9veloppant des solutions flexibles, s\u00e9curis\u00e9es et efficaces, parfaitement adapt\u00e9es aux besoins sp\u00e9cifiques de chaque projet.<\/p>\n\t<div id=\"gap-962685344\" class=\"gap-element clearfix\" style=\"display:block; height:auto;\">\n\t\t\n<style>\n#gap-962685344 {\n  padding-top: 40px;\n}\n<\/style>\n\t<\/div>\n\t\n<h2><span>Ce que je peux apporter \u00e0 votre entreprise<\/span><\/h2>\n<ul>\n<li><strong>Int\u00e9gration et transformation des donn\u00e9es dans le cloud<\/strong> : je d\u00e9veloppe des pipelines pour collecter, nettoyer et transformer les donn\u00e9es dans des environnements cloud.<\/li>\n<li><strong>Automatisation des processus d\u2019analyse<\/strong> : je mets en place des workflows permettant d\u2019ex\u00e9cuter automatiquement et de mani\u00e8re \u00e9volutive des t\u00e2ches d\u2019analyse et de g\u00e9n\u00e9ration de rapports.<\/li>\n<li><strong>Optimisation des co\u00fbts et des performances<\/strong> : je configure des solutions qui utilisent efficacement les ressources cloud, en minimisant les temps de traitement et les co\u00fbts associ\u00e9s.<\/li>\n<li><strong>Migration des syst\u00e8mes locaux vers le cloud<\/strong> : je vous accompagne dans la migration de vos syst\u00e8mes d\u2019analyse de donn\u00e9es vers des environnements cloud tels que BigQuery (Google), Redshift (AWS) ou Azure Synapse.<\/li>\n<\/ul>\n\t<div id=\"gap-487071540\" class=\"gap-element clearfix\" style=\"display:block; height:auto;\">\n\t\t\n<style>\n#gap-487071540 {\n  padding-top: 40px;\n}\n<\/style>\n\t<\/div>\n\t\n<h2>\u00c0 qui s\u2019adresse ce service ?<\/h2>\n<p>Aux entreprises qui souhaitent augmenter leur capacit\u00e9 de traitement, automatiser des flux complexes ou moderniser leur infrastructure de donn\u00e9es. Ce service est \u00e9galement id\u00e9al pour les organisations qui traitent de grands volumes d\u2019informations ou qui ont besoin de flexibilit\u00e9 et d\u2019un acc\u00e8s en temps r\u00e9el. <\/p>\n\t<div id=\"gap-232911740\" class=\"gap-element clearfix\" style=\"display:block; height:auto;\">\n\t\t\n<style>\n#gap-232911740 {\n  padding-top: 40px;\n}\n<\/style>\n\t<\/div>\n\t\n<h2>Pourquoi choisir le cloud ?<\/h2>\n<p>Le traitement dans le cloud permet de r\u00e9duire les co\u00fbts op\u00e9rationnels, de gagner en agilit\u00e9 et de faciliter la collaboration entre les \u00e9quipes. Il offre \u00e9galement une haute disponibilit\u00e9 et une \u00e9volutivit\u00e9 pratiquement illimit\u00e9e, ce qui en fait la solution id\u00e9ale pour les projets d\u2019analyse de donn\u00e9es avanc\u00e9s. <\/p>\n\t\t<\/div>\n\t\t\t\t\n<style>\n#col-12924712 > .col-inner {\n  margin: 40px 0px 0px 0px;\n}\n<\/style>\n\t<\/div>\n\n\t\n<\/div>\n\t\t<\/div>\n\n\t\t\n<style>\n#section_646934966 {\n  padding-top: 30px;\n  padding-bottom: 30px;\n}\n<\/style>\n\t<\/section>\n\t\n\n\t<section class=\"section cta-block dark\" id=\"section_1705686877\">\n\t\t<div class=\"section-bg fill\" >\n\t\t\t\t\t\t\t\t\t\n\t\t\t\n\n\t\t<\/div>\n\n\t\t\n\n\t\t<div class=\"section-content relative\">\n\t\t\t\n\n<div class=\"row align-middle\"  id=\"row-1859342535\">\n\n\n\t<div id=\"col-1260154614\" class=\"col medium-6 small-12 large-6\"  >\n\t\t\t\t<div class=\"col-inner\"  >\n\t\t\t\n\t\t\t\n\n\t<div id=\"gap-1991682565\" class=\"gap-element clearfix\" style=\"display:block; height:auto;\">\n\t\t\n<style>\n#gap-1991682565 {\n  padding-top: 80px;\n}\n@media (min-width:550px) {\n  #gap-1991682565 {\n    padding-top: 20px;\n  }\n}\n<\/style>\n\t<\/div>\n\t\n\n\t<div id=\"text-867567128\" class=\"text cta highlight\">\n\t\t\n\n<h2><span>Transformez vos donn\u00e9es en avantages concurrentiels.<\/span><\/h2>\n<p>Transformez vos donn\u00e9es en avantages concurrentiels. Profitez de mon expertise en gestion des donn\u00e9es pour faire progresser votre entreprise. Contactez-moi d\u00e8s maintenant et donnez un nouvel \u00e9lan \u00e0 la transformation num\u00e9rique de votre soci\u00e9t\u00e9.<\/p>\n\t\t\t<\/div>\n\t\n<a href=\"https:\/\/jaimesoroa.com\/fr\/contact\/\" class=\"button white is-outline\" >\n\t\t<span>Contact<\/span>\n\t<\/a>\n\n\n\n\t\t<\/div>\n\t\t\t\t\t<\/div>\n\n\t\n\n\t<div id=\"col-824421269\" class=\"col medium-6 small-12 large-6\"  >\n\t\t\t\t<div class=\"col-inner text-center\"  >\n\t\t\t\n\t\t\t\n\n\n\t\t<\/div>\n\t\t\t\t\t<\/div>\n\n\t\n\n<\/div>\n\n\t\t<\/div>\n\n\t\t\n<style>\n#section_1705686877 {\n  padding-top: 30px;\n  padding-bottom: 30px;\n  background-color: #2708a0;\n}\n<\/style>\n\t<\/section>\n\t\n","protected":false},"excerpt":{"rendered":"","protected":false},"author":1,"featured_media":0,"parent":1675,"menu_order":0,"comment_status":"closed","ping_status":"closed","template":"page-blank.php","meta":{"footnotes":""},"class_list":["post-1693","page","type-page","status-publish","hentry"],"_links":{"self":[{"href":"https:\/\/jaimesoroa.com\/fr\/wp-json\/wp\/v2\/pages\/1693","targetHints":{"allow":["GET"]}}],"collection":[{"href":"https:\/\/jaimesoroa.com\/fr\/wp-json\/wp\/v2\/pages"}],"about":[{"href":"https:\/\/jaimesoroa.com\/fr\/wp-json\/wp\/v2\/types\/page"}],"author":[{"embeddable":true,"href":"https:\/\/jaimesoroa.com\/fr\/wp-json\/wp\/v2\/users\/1"}],"replies":[{"embeddable":true,"href":"https:\/\/jaimesoroa.com\/fr\/wp-json\/wp\/v2\/comments?post=1693"}],"version-history":[{"count":2,"href":"https:\/\/jaimesoroa.com\/fr\/wp-json\/wp\/v2\/pages\/1693\/revisions"}],"predecessor-version":[{"id":1695,"href":"https:\/\/jaimesoroa.com\/fr\/wp-json\/wp\/v2\/pages\/1693\/revisions\/1695"}],"up":[{"embeddable":true,"href":"https:\/\/jaimesoroa.com\/fr\/wp-json\/wp\/v2\/pages\/1675"}],"wp:attachment":[{"href":"https:\/\/jaimesoroa.com\/fr\/wp-json\/wp\/v2\/media?parent=1693"}],"curies":[{"name":"wp","href":"https:\/\/api.w.org\/{rel}","templated":true}]}}