{"id":1681,"date":"2025-04-07T14:27:52","date_gmt":"2025-04-07T12:27:52","guid":{"rendered":"https:\/\/jaimesoroa.com\/services\/analyse-de-donnees-et-business-intelligence\/"},"modified":"2025-10-09T10:17:50","modified_gmt":"2025-10-09T08:17:50","slug":"analyse-de-donnees-et-business-intelligence","status":"publish","type":"page","link":"https:\/\/jaimesoroa.com\/fr\/services\/analyse-de-donnees-et-business-intelligence\/","title":{"rendered":"Analyse de donn\u00e9es et Business Intelligence"},"content":{"rendered":"\n\t<section class=\"section dark\" id=\"section_1000157670\">\n\t\t<div class=\"section-bg fill\" >\n\t\t\t<img loading=\"lazy\" decoding=\"async\" width=\"1920\" height=\"960\" src=\"https:\/\/jaimesoroa.com\/wp-content\/uploads\/Business_Intelligence-Jaime_Soroa.webp\" class=\"bg attachment-original size-original\" alt=\"Business Intelligence Jaime Soroa\" \/>\t\t\t\t\t\t<div class=\"section-bg-overlay absolute fill\"><\/div>\n\t\t\t\n\n\t\t<\/div>\n\n\t\t\n\n\t\t<div class=\"section-content relative\">\n\t\t\t\n<div class=\"row align-middle\"  id=\"row-105616739\">\n\n\t<div id=\"col-350838931\" class=\"col large-12\"  >\n\t\t\t\t<div class=\"col-inner\"  >\n\t\t\t\n\t\t\t\n\t<div id=\"text-3610741338\" class=\"text highlight\">\n\t\t\n<h1><span>Analyse de donn\u00e9es et Business Intelligence pour les entreprises<\/span><\/h1>\n<p><span style=\"font-size:1.2rem\">\u2501 <span><span><a href=\"https:\/\/jaimesoroa.com\/fr\/inicio\/\">Jaime Soroa<\/a><\/span><\/span><\/span><\/p>\n\t\t\t<\/div>\n\t\n\t\t<\/div>\n\t\t\t\t\t<\/div>\n\n\t\n<\/div>\n\t\t<\/div>\n\n\t\t\n<style>\n#section_1000157670 {\n  padding-top: 30px;\n  padding-bottom: 30px;\n  min-height: 600px;\n}\n#section_1000157670 .section-bg-overlay {\n  background-color: rgba(39, 8, 160, 0.6);\n}\n<\/style>\n\t<\/section>\n\t\n\n\t<section class=\"section highlight\" id=\"section_143190971\">\n\t\t<div class=\"section-bg fill\" >\n\t\t\t\t\t\t\t\t\t\n\t\t\t\n\n\t\t<\/div>\n\n\t\t\n\n\t\t<div class=\"section-content relative\">\n\t\t\t\n<div class=\"row\"  id=\"row-506848549\">\n\n\t<div id=\"col-29536820\" class=\"col medium-6 small-12 large-6\"  >\n\t\t<div class=\"is-sticky-column\"><div class=\"is-sticky-column__inner\">\t\t<div class=\"col-inner\"  >\n\t\t\t\n\t\t\t\n\n<div class=\"spinner-wrap\">\n<div class=\"spinner-item\"><\/div>\n<div class=\"spinner-item spinner-item--2\"><\/div>\n<div class=\"spinner-item spinner-item--3\"><\/div>\n<\/div>\n\n\t\t<\/div>\n\t\t<\/div><\/div>\t\t\n<style>\n#col-29536820 > .is-sticky-column > .is-sticky-column__inner > .col-inner {\n  padding: 0px 0px 120px 0px;\n  margin: -40px 0px 0px 0px;\n}\n<\/style>\n\t<\/div>\n\n\t\n\n\t<div id=\"col-1229019781\" class=\"col medium-6 small-12 large-6\"  >\n\t\t\t\t<div class=\"col-inner\"  >\n\t\t\t\n\t\t\t\n<p>Aujourd\u2019hui, disposer de donn\u00e9es ne suffit plus : l\u2019essentiel est de savoir les analyser, les interpr\u00e9ter et les transformer en informations utiles pour guider la prise de d\u00e9cision. C\u2019est pourquoi mes services d\u2019analyse de donn\u00e9es et de Business Intelligence sont con\u00e7us pour aider les entreprises de tous secteurs \u00e0 convertir leurs donn\u00e9es en connaissance strat\u00e9gique. <\/p>\n<p>J\u2019utilise des outils de r\u00e9f\u00e9rence comme Power BI, SQL et Python pour concevoir des solutions adapt\u00e9es \u00e0 vos objectifs. De la collecte et du nettoyage des donn\u00e9es \u00e0 la cr\u00e9ation de tableaux de bord interactifs, chaque projet est men\u00e9 avec une vision claire : fournir des r\u00e9ponses visuelles et exploitables \u00e0 des probl\u00e9matiques complexes. <\/p>\n\t<div id=\"gap-1656185865\" class=\"gap-element clearfix\" style=\"display:block; height:auto;\">\n\t\t\n<style>\n#gap-1656185865 {\n  padding-top: 40px;\n}\n<\/style>\n\t<\/div>\n\t\n<h2><span>Ce que je peux apporter \u00e0 votre entreprise<\/span><\/h2>\n<ul>\n<li><strong>Mod\u00e9lisation et visualisation des donn\u00e9es<\/strong> : je d\u00e9veloppe des tableaux de bord personnalis\u00e9s dans Power BI qui vous permettent de suivre en temps r\u00e9el les indicateurs cl\u00e9s (KPI) de votre activit\u00e9.<\/li>\n<li><strong>Int\u00e9gration de sources de donn\u00e9es<\/strong> : je combine les informations provenant de diff\u00e9rentes plateformes (CRM, ERP, e-commerce, tableurs, etc.) pour vous offrir une vue globale et coh\u00e9rente de votre entreprise.<\/li>\n<li><strong>Automatisation des rapports<\/strong> : je r\u00e9duis le temps consacr\u00e9 aux t\u00e2ches r\u00e9p\u00e9titives gr\u00e2ce \u00e0 des processus automatiques de g\u00e9n\u00e9ration et de diffusion des rapports.<\/li>\n<li><strong>Analyse avanc\u00e9e<\/strong> : j\u2019utilise des techniques statistiques et de machine learning pour d\u00e9tecter des sch\u00e9mas, pr\u00e9voir des tendances et optimiser les processus.<\/li>\n<\/ul>\n\t<div id=\"gap-126042659\" class=\"gap-element clearfix\" style=\"display:block; height:auto;\">\n\t\t\n<style>\n#gap-126042659 {\n  padding-top: 40px;\n}\n<\/style>\n\t<\/div>\n\t\n<h2><span>\u00c0 qui s\u2019adresse ce service ?<\/span><\/h2>\n<p>Aux entreprises qui souhaitent mieux exploiter leurs donn\u00e9es, que ce soit pour analyser leurs campagnes marketing, suivre leurs finances, comprendre le comportement de leurs clients ou am\u00e9liorer leur efficacit\u00e9 op\u00e9rationnelle. Je travaille aussi bien avec des PME qu\u2019avec de grandes entreprises, en adaptant toujours la d\u00e9marche \u00e0 la taille et \u00e0 la complexit\u00e9 du projet. <\/p>\n\t\t<\/div>\n\t\t\t\t\n<style>\n#col-1229019781 > .col-inner {\n  margin: 40px 0px 0px 0px;\n}\n<\/style>\n\t<\/div>\n\n\t\n<\/div>\n\t\t<\/div>\n\n\t\t\n<style>\n#section_143190971 {\n  padding-top: 30px;\n  padding-bottom: 30px;\n}\n<\/style>\n\t<\/section>\n\t\n\n\t<section class=\"section cta-block dark\" id=\"section_1622683481\">\n\t\t<div class=\"section-bg fill\" >\n\t\t\t\t\t\t\t\t\t\n\t\t\t\n\n\t\t<\/div>\n\n\t\t\n\n\t\t<div class=\"section-content relative\">\n\t\t\t\n\n<div class=\"row align-middle\"  id=\"row-37134165\">\n\n\n\t<div id=\"col-976838736\" class=\"col medium-6 small-12 large-6\"  >\n\t\t\t\t<div class=\"col-inner\"  >\n\t\t\t\n\t\t\t\n\n\t<div id=\"gap-95186898\" class=\"gap-element clearfix\" style=\"display:block; height:auto;\">\n\t\t\n<style>\n#gap-95186898 {\n  padding-top: 80px;\n}\n@media (min-width:550px) {\n  #gap-95186898 {\n    padding-top: 20px;\n  }\n}\n<\/style>\n\t<\/div>\n\t\n\n\t<div id=\"text-1343321028\" class=\"text cta highlight\">\n\t\t\n\n<h2><span>Transformez vos donn\u00e9es en avantages concurrentiels.<\/span><\/h2>\n<p>Transformez vos donn\u00e9es en avantages concurrentiels. Profitez de mon expertise en gestion des donn\u00e9es pour faire progresser votre entreprise. Contactez-moi d\u00e8s maintenant et donnez un nouvel \u00e9lan \u00e0 la transformation num\u00e9rique de votre soci\u00e9t\u00e9.<\/p>\n\t\t\t<\/div>\n\t\n<a href=\"https:\/\/jaimesoroa.com\/fr\/contact\/\" class=\"button white is-outline\" >\n\t\t<span>Contact<\/span>\n\t<\/a>\n\n\n\n\t\t<\/div>\n\t\t\t\t\t<\/div>\n\n\t\n\n\t<div id=\"col-230593503\" class=\"col medium-6 small-12 large-6\"  >\n\t\t\t\t<div class=\"col-inner text-center\"  >\n\t\t\t\n\t\t\t\n\n\n\t\t<\/div>\n\t\t\t\t\t<\/div>\n\n\t\n\n<\/div>\n\n\t\t<\/div>\n\n\t\t\n<style>\n#section_1622683481 {\n  padding-top: 30px;\n  padding-bottom: 30px;\n  background-color: #2708a0;\n}\n<\/style>\n\t<\/section>\n\t\n","protected":false},"excerpt":{"rendered":"","protected":false},"author":1,"featured_media":0,"parent":1675,"menu_order":0,"comment_status":"closed","ping_status":"closed","template":"page-blank.php","meta":{"footnotes":""},"class_list":["post-1681","page","type-page","status-publish","hentry"],"_links":{"self":[{"href":"https:\/\/jaimesoroa.com\/fr\/wp-json\/wp\/v2\/pages\/1681","targetHints":{"allow":["GET"]}}],"collection":[{"href":"https:\/\/jaimesoroa.com\/fr\/wp-json\/wp\/v2\/pages"}],"about":[{"href":"https:\/\/jaimesoroa.com\/fr\/wp-json\/wp\/v2\/types\/page"}],"author":[{"embeddable":true,"href":"https:\/\/jaimesoroa.com\/fr\/wp-json\/wp\/v2\/users\/1"}],"replies":[{"embeddable":true,"href":"https:\/\/jaimesoroa.com\/fr\/wp-json\/wp\/v2\/comments?post=1681"}],"version-history":[{"count":4,"href":"https:\/\/jaimesoroa.com\/fr\/wp-json\/wp\/v2\/pages\/1681\/revisions"}],"predecessor-version":[{"id":1842,"href":"https:\/\/jaimesoroa.com\/fr\/wp-json\/wp\/v2\/pages\/1681\/revisions\/1842"}],"up":[{"embeddable":true,"href":"https:\/\/jaimesoroa.com\/fr\/wp-json\/wp\/v2\/pages\/1675"}],"wp:attachment":[{"href":"https:\/\/jaimesoroa.com\/fr\/wp-json\/wp\/v2\/media?parent=1681"}],"curies":[{"name":"wp","href":"https:\/\/api.w.org\/{rel}","templated":true}]}}