{"id":1675,"date":"2025-04-07T14:27:32","date_gmt":"2025-04-07T12:27:32","guid":{"rendered":"https:\/\/jaimesoroa.com\/services\/"},"modified":"2025-04-12T13:57:37","modified_gmt":"2025-04-12T11:57:37","slug":"services","status":"publish","type":"page","link":"https:\/\/jaimesoroa.com\/fr\/services\/","title":{"rendered":"Services"},"content":{"rendered":"\n\t<section class=\"section dark\" id=\"section_945173430\">\n\t\t<div class=\"section-bg fill\" >\n\t\t\t<img loading=\"lazy\" decoding=\"async\" width=\"1920\" height=\"960\" src=\"https:\/\/jaimesoroa.com\/wp-content\/uploads\/Servicios-Jaime_Soroa.jpg\" class=\"bg attachment-original size-original\" alt=\"Servicios Jaime Soroa\" \/>\t\t\t\t\t\t<div class=\"section-bg-overlay absolute fill\"><\/div>\n\t\t\t\n\n\t\t<\/div>\n\n\t\t\n\n\t\t<div class=\"section-content relative\">\n\t\t\t\n<div class=\"row align-middle\"  id=\"row-1195326750\">\n\n\t<div id=\"col-1868867055\" class=\"col large-12\"  >\n\t\t\t\t<div class=\"col-inner\"  >\n\t\t\t\n\t\t\t\n\t<div id=\"text-3405090429\" class=\"text highlight\">\n\t\t\n<h1><span>Services de science des donn\u00e9es et Big Data<\/span><\/h1>\n<p><span style=\"font-size:1.2rem\">\u2501 <span><span><a href=\"https:\/\/jaimesoroa.com\/fr\/inicio\/\">Jaime Soroa<\/a><\/span><\/span><\/span><\/p>\n\t\t\t<\/div>\n\t\n\t\t<\/div>\n\t\t\t\t\t<\/div>\n\n\t\n<\/div>\n\t\t<\/div>\n\n\t\t\n<style>\n#section_945173430 {\n  padding-top: 30px;\n  padding-bottom: 30px;\n  min-height: 600px;\n}\n#section_945173430 .section-bg-overlay {\n  background-color: rgba(39, 8, 160, 0.6);\n}\n<\/style>\n\t<\/section>\n\t\n\n\t<section class=\"section highlight\" id=\"section_254150235\">\n\t\t<div class=\"section-bg fill\" >\n\t\t\t\t\t\t\t\t\t\n\t\t\t\n\n\t\t<\/div>\n\n\t\t\n\n\t\t<div class=\"section-content relative\">\n\t\t\t\n<div class=\"row\"  id=\"row-82854877\">\n\n\t<div id=\"col-561701908\" class=\"col medium-6 small-12 large-6\"  >\n\t\t\t\t<div class=\"col-inner\"  >\n\t\t\t\n\t\t\t\n\n<div class=\"spinner-wrap\">\n<div class=\"spinner-item\"><\/div>\n<div class=\"spinner-item spinner-item--2\"><\/div>\n<div class=\"spinner-item spinner-item--3\"><\/div>\n<\/div>\n\n\t\t<\/div>\n\t\t\t\t\n<style>\n#col-561701908 > .col-inner {\n  padding: 0px 0px 120px 0px;\n  margin: -40px 0px 0px 0px;\n}\n<\/style>\n\t<\/div>\n\n\t\n\n\t<div id=\"col-2092676076\" class=\"col medium-6 small-12 large-6\"  >\n\t\t\t\t<div class=\"col-inner\"  >\n\t\t\t\n\t\t\t\n<p>La valeur des donn\u00e9es ne r\u00e9side pas dans leur volume, mais dans la capacit\u00e9 \u00e0 les analyser, les interpr\u00e9ter et les transformer en d\u00e9cisions utiles pour votre entreprise. \u00c0 travers mes services en <strong>science des donn\u00e9es, Big Data, Machine Learning et Business Intelligence<\/strong>, je vous aide \u00e0 transformer des informations complexes en connaissances exploitables. <\/p>\n<p>J\u2019utilise des outils tels que <strong>Python, SQL, Power BI, TensorFlow ou Google Cloud Platform<\/strong>, en combinant statistiques, programmation et visualisation pour d\u00e9velopper des solutions adapt\u00e9es aux besoins sp\u00e9cifiques de chaque client.<\/p>\n\t\t<\/div>\n\t\t\t\t\n<style>\n#col-2092676076 > .col-inner {\n  margin: 40px 0px 0px 0px;\n}\n<\/style>\n\t<\/div>\n\n\t\n<\/div>\n\t\t<\/div>\n\n\t\t\n<style>\n#section_254150235 {\n  padding-top: 30px;\n  padding-bottom: 30px;\n}\n<\/style>\n\t<\/section>\n\t\n\n\t<section class=\"section highlight\" id=\"section_1373981120\">\n\t\t<div class=\"section-bg fill\" >\n\t\t\t\t\t\t\t\t\t\n\t\t\t\n\n\t\t<\/div>\n\n\t\t\n\n\t\t<div class=\"section-content relative\">\n\t\t\t\n<div class=\"row\"  id=\"row-266829324\">\n\n\t<div id=\"col-1066066676\" class=\"col medium-4 small-12 large-4\"  >\n\t\t\t\t<div class=\"col-inner\"  >\n\t\t\t\n\t\t\t\n\n\t<a class=\"plain\" href=\"https:\/\/jaimesoroa.com\/servicios\/analisis-de-datos\/\" >\t<div class=\"icon-box featured-box icon-box-center text-center\"  >\n\t\t\t\t\t<div class=\"icon-box-img\" style=\"width: 100px\">\n\t\t\t\t<div class=\"icon\">\n\t\t\t\t\t<div class=\"icon-inner\" >\n\t\t\t\t\t\t<svg width=\"200\" height=\"100\" viewBox=\"0 0 200 100\" xmlns=\"http:\/\/www.w3.org\/2000\/svg\">\r\n  <rect x=\"20\" y=\"50\" width=\"20\" height=\"50\" fill=\"#4CAF50\">\r\n    <animate attributeName=\"height\" values=\"20;50;30;50;20\" dur=\"2s\" repeatCount=\"indefinite\" \/>\r\n    <animate attributeName=\"y\" values=\"80;50;70;50;80\" dur=\"2s\" repeatCount=\"indefinite\" \/>\r\n  <\/rect>\r\n  <rect x=\"60\" y=\"30\" width=\"20\" height=\"70\" fill=\"#2196F3\">\r\n    <animate attributeName=\"height\" values=\"70;40;60;30;70\" dur=\"2s\" begin=\"0.3s\" repeatCount=\"indefinite\" \/>\r\n    <animate attributeName=\"y\" values=\"30;60;40;70;30\" dur=\"2s\" begin=\"0.3s\" repeatCount=\"indefinite\" \/>\r\n  <\/rect>\r\n  <rect x=\"100\" y=\"40\" width=\"20\" height=\"60\" fill=\"#FFC107\">\r\n    <animate attributeName=\"height\" values=\"60;30;50;70;60\" dur=\"2s\" begin=\"0.6s\" repeatCount=\"indefinite\" \/>\r\n    <animate attributeName=\"y\" values=\"40;70;50;30;40\" dur=\"2s\" begin=\"0.6s\" repeatCount=\"indefinite\" \/>\r\n  <\/rect>\r\n  <rect x=\"140\" y=\"60\" width=\"20\" height=\"40\" fill=\"#E91E63\">\r\n    <animate attributeName=\"height\" values=\"40;70;30;60;40\" dur=\"2s\" begin=\"0.9s\" repeatCount=\"indefinite\" \/>\r\n    <animate attributeName=\"y\" values=\"60;30;70;40;60\" dur=\"2s\" begin=\"0.9s\" repeatCount=\"indefinite\" \/>\r\n  <\/rect>\r\n<\/svg>\r\n\t\t\t\t\t<\/div>\n\t\t\t\t<\/div>\n\t\t\t<\/div>\n\t\t\t\t<div class=\"icon-box-text last-reset\">\n\t\t\t\t\t\t\t\t\t\n<h2><span>Analyse de donn\u00e9es et Business Intelligence<\/span><\/h2>\n<p>Transformez vos donn\u00e9es en d\u00e9cisions strat\u00e9giques gr\u00e2ce \u00e0 des tableaux de bord interactifs, \u00e0 l\u2019automatisation de rapports et \u00e0 des visualisations con\u00e7ues selon vos objectifs m\u00e9tier. J\u2019utilise Power BI, SQL et Python pour int\u00e9grer diff\u00e9rentes sources de donn\u00e9es et g\u00e9n\u00e9rer des rapports clairs, visuels et efficaces. <\/p>\n\t<div id=\"gap-552797328\" class=\"gap-element clearfix hide-for-small\" style=\"display:block; height:auto;\">\n\t\t\n<style>\n#gap-552797328 {\n  padding-top: 20px;\n}\n<\/style>\n\t<\/div>\n\t\n<a href=\"https:\/\/jaimesoroa.com\/servicios\/analisis-de-datos\/\" class=\"button primary is-underline\" >\n\t\t<span>Voir le service d\u2019analyse de donn\u00e9es<\/span>\n\t<i class=\"icon-angle-right\" aria-hidden=\"true\"><\/i><\/a>\n\n\t\t<\/div>\n\t<\/div>\n\t<\/a>\n\t\n\t\t<\/div>\n\t\t\t\t\n<style>\n#col-1066066676 > .col-inner {\n  padding: 0px 0px 20px 0px;\n}\n@media (min-width:550px) {\n  #col-1066066676 > .col-inner {\n    padding: 0px 20px 0px 0px;\n  }\n}\n<\/style>\n\t<\/div>\n\n\t\n\n\t<div id=\"col-1687670591\" class=\"col medium-4 small-12 large-4\"  >\n\t\t\t\t<div class=\"col-inner\"  >\n\t\t\t\n\t\t\t\n\n\t<a class=\"plain\" href=\"https:\/\/jaimesoroa.com\/servicios\/big-data-machine-learning\/\" >\t<div class=\"icon-box featured-box icon-box-center text-center\"  >\n\t\t\t\t\t<div class=\"icon-box-img\" style=\"width: 100px\">\n\t\t\t\t<div class=\"icon\">\n\t\t\t\t\t<div class=\"icon-inner\" >\n\t\t\t\t\t\t<svg width=\"200\" height=\"100\" viewBox=\"0 0 100 60\" xmlns=\"http:\/\/www.w3.org\/2000\/svg\">\r\n  <!-- Nodos -->\r\n  <circle cx=\"20\" cy=\"20\" r=\"3\" fill=\"#673AB7\">\r\n    <animate attributeName=\"r\" values=\"3;5;3\" dur=\"1.5s\" repeatCount=\"indefinite\"\/>\r\n  <\/circle>\r\n  <circle cx=\"50\" cy=\"10\" r=\"3\" fill=\"#673AB7\">\r\n    <animate attributeName=\"r\" values=\"3;5;3\" dur=\"1.2s\" begin=\"0.3s\" repeatCount=\"indefinite\"\/>\r\n  <\/circle>\r\n  <circle cx=\"80\" cy=\"20\" r=\"3\" fill=\"#673AB7\">\r\n    <animate attributeName=\"r\" values=\"3;5;3\" dur=\"1.5s\" begin=\"0.6s\" repeatCount=\"indefinite\"\/>\r\n  <\/circle>\r\n  <circle cx=\"35\" cy=\"40\" r=\"3\" fill=\"#673AB7\">\r\n    <animate attributeName=\"r\" values=\"3;5;3\" dur=\"1.3s\" begin=\"0.15s\" repeatCount=\"indefinite\"\/>\r\n  <\/circle>\r\n  <circle cx=\"65\" cy=\"40\" r=\"3\" fill=\"#673AB7\">\r\n    <animate attributeName=\"r\" values=\"3;5;3\" dur=\"1.3s\" begin=\"0.45s\" repeatCount=\"indefinite\"\/>\r\n  <\/circle>\r\n\r\n  <!-- Conexiones -->\r\n  <line x1=\"20\" y1=\"20\" x2=\"50\" y2=\"10\" stroke=\"#9C27B0\" stroke-width=\"1.5\" \/>\r\n  <line x1=\"50\" y1=\"10\" x2=\"80\" y2=\"20\" stroke=\"#9C27B0\" stroke-width=\"1.5\" \/>\r\n  <line x1=\"20\" y1=\"20\" x2=\"35\" y2=\"40\" stroke=\"#9C27B0\" stroke-width=\"1.2\" \/>\r\n  <line x1=\"50\" y1=\"10\" x2=\"65\" y2=\"40\" stroke=\"#9C27B0\" stroke-width=\"1.2\" \/>\r\n  <line x1=\"80\" y1=\"20\" x2=\"65\" y2=\"40\" stroke=\"#9C27B0\" stroke-width=\"1.2\" \/>\r\n\r\n  <!-- Flujo animado -->\r\n  <circle cx=\"20\" cy=\"20\" r=\"1.5\" fill=\"#E1BEE7\">\r\n    <animateMotion dur=\"2s\" repeatCount=\"indefinite\" path=\"M0,0 L30,-10 L60,0\" \/>\r\n  <\/circle>\r\n<\/svg>\r\n\t\t\t\t\t<\/div>\n\t\t\t\t<\/div>\n\t\t\t<\/div>\n\t\t\t\t<div class=\"icon-box-text last-reset\">\n\t\t\t\t\t\t\t\t\t\n<h2><span>Big Data y Machine Learning<\/span><\/h2>\n<p>Je con\u00e7ois des mod\u00e8les pr\u00e9dictifs, des algorithmes de classification, des syst\u00e8mes de d\u00e9tection d\u2019anomalies et j\u2019automatise les processus gr\u00e2ce \u00e0 des techniques avanc\u00e9es de Machine Learning. Je mets en \u0153uvre des solutions \u00e9volutives adapt\u00e9es aux environnements n\u00e9cessitant le traitement de grands volumes de donn\u00e9es. <\/p>\n\t<div id=\"gap-1989885811\" class=\"gap-element clearfix hide-for-small\" style=\"display:block; height:auto;\">\n\t\t\n<style>\n#gap-1989885811 {\n  padding-top: 20px;\n}\n<\/style>\n\t<\/div>\n\t\n<a href=\"https:\/\/jaimesoroa.com\/servicios\/big-data-machine-learning\/\" class=\"button primary is-underline\" >\n\t\t<span>Voir le service Big Data et Machine Learning<\/span>\n\t<i class=\"icon-angle-right\" aria-hidden=\"true\"><\/i><\/a>\n\n\t\t<\/div>\n\t<\/div>\n\t<\/a>\n\t\n\t\t<\/div>\n\t\t\t\t\n<style>\n#col-1687670591 > .col-inner {\n  padding: 0px 0px 20px 0px;\n}\n<\/style>\n\t<\/div>\n\n\t\n\n\t<div id=\"col-2087064448\" class=\"col medium-4 small-12 large-4\"  >\n\t\t\t\t<div class=\"col-inner\"  >\n\t\t\t\n\t\t\t\n\n\t<a class=\"plain\" href=\"https:\/\/jaimesoroa.com\/servicios\/procesamiento-datos-nube\/\" >\t<div class=\"icon-box featured-box icon-box-center text-center\"  >\n\t\t\t\t\t<div class=\"icon-box-img\" style=\"width: 100px\">\n\t\t\t\t<div class=\"icon\">\n\t\t\t\t\t<div class=\"icon-inner\" >\n\t\t\t\t\t\t<svg width=\"200\" height=\"100\" viewBox=\"0 0 120 60\" xmlns=\"http:\/\/www.w3.org\/2000\/svg\">\r\n  <!-- Cuerpo de la nube -->\r\n  <path d=\"M30 40 Q35 25 50 30 Q55 20 70 30 Q80 35 75 45 H30 Z\" fill=\"#26c3c4\" stroke=\"#2708a0\" stroke-width=\"1.5\"\/>\r\n\r\n  <!-- Flecha entrando -->\r\n  <polygon points=\"20,20 25,25 20,30\" fill=\"#26c3c4\">\r\n    <animateTransform attributeName=\"transform\" type=\"translate\" from=\"0,0\" to=\"10,10\" dur=\"1.8s\" repeatCount=\"indefinite\" \/>\r\n  <\/polygon>\r\n  <line x1=\"20\" y1=\"25\" x2=\"30\" y2=\"35\" stroke=\"#2708a0\" stroke-width=\"1.5\" stroke-dasharray=\"4 2\">\r\n    <animate attributeName=\"stroke-dashoffset\" values=\"4;0\" dur=\"1.8s\" repeatCount=\"indefinite\" \/>\r\n  <\/line>\r\n\r\n  <!-- Flecha saliendo -->\r\n  <polygon points=\"90,30 95,25 90,20\" fill=\"#26c3c4\">\r\n    <animateTransform attributeName=\"transform\" type=\"translate\" from=\"0,0\" to=\"-10,-10\" dur=\"1.8s\" repeatCount=\"indefinite\" \/>\r\n  <\/polygon>\r\n  <line x1=\"90\" y1=\"25\" x2=\"80\" y2=\"15\" stroke=\"#2708a0\" stroke-width=\"1.5\" stroke-dasharray=\"4 2\">\r\n    <animate attributeName=\"stroke-dashoffset\" values=\"4;0\" dur=\"1.8s\" repeatCount=\"indefinite\" \/>\r\n  <\/line>\r\n\r\n  <!-- Puntos de actividad -->\r\n  <circle cx=\"50\" cy=\"36\" r=\"2\" fill=\"#2708a0\">\r\n    <animate attributeName=\"r\" values=\"2;4;2\" dur=\"1.5s\" repeatCount=\"indefinite\"\/>\r\n  <\/circle>\r\n  <circle cx=\"60\" cy=\"36\" r=\"2\" fill=\"#2708a0\">\r\n    <animate attributeName=\"r\" values=\"2;4;2\" dur=\"1.5s\" begin=\"0.3s\" repeatCount=\"indefinite\"\/>\r\n  <\/circle>\r\n  <circle cx=\"70\" cy=\"36\" r=\"2\" fill=\"#2708a0\">\r\n    <animate attributeName=\"r\" values=\"2;4;2\" dur=\"1.5s\" begin=\"0.6s\" repeatCount=\"indefinite\"\/>\r\n  <\/circle>\r\n<\/svg>\r\n\t\t\t\t\t<\/div>\n\t\t\t\t<\/div>\n\t\t\t<\/div>\n\t\t\t\t<div class=\"icon-box-text last-reset\">\n\t\t\t\t\t\t\t\t\t\n<h2><span>Traitement des donn\u00e9es dans le cloud<\/span><\/h2>\n<p>D\u00e9veloppez vos op\u00e9rations avec des solutions bas\u00e9es sur le cloud computing. Je con\u00e7ois des architectures d\u2019analyse de donn\u00e9es sur des plateformes telles que Google Cloud, AWS ou Azure, en optimisant la performance, l\u2019accessibilit\u00e9 et les co\u00fbts de traitement. <\/p>\n\t<div id=\"gap-52999506\" class=\"gap-element clearfix hide-for-small\" style=\"display:block; height:auto;\">\n\t\t\n<style>\n#gap-52999506 {\n  padding-top: 50px;\n}\n<\/style>\n\t<\/div>\n\t\n<a href=\"https:\/\/jaimesoroa.com\/servicios\/procesamiento-datos-nube\/\" class=\"button primary is-underline\" >\n\t\t<span>Voir le service de traitement dans le cloud<\/span>\n\t<i class=\"icon-angle-right\" aria-hidden=\"true\"><\/i><\/a>\n\n\t\t<\/div>\n\t<\/div>\n\t<\/a>\n\t\n\t\t<\/div>\n\t\t\t\t\n<style>\n#col-2087064448 > .col-inner {\n  padding: 0px 0px 20px 0px;\n}\n@media (min-width:550px) {\n  #col-2087064448 > .col-inner {\n    padding: 0px 0px 0px 20px;\n  }\n}\n<\/style>\n\t<\/div>\n\n\t\n<\/div>\n\t\t<\/div>\n\n\t\t\n<style>\n#section_1373981120 {\n  padding-top: 30px;\n  padding-bottom: 30px;\n}\n<\/style>\n\t<\/section>\n\t\n\n\t<section class=\"section cta-block dark\" id=\"section_1352025437\">\n\t\t<div class=\"section-bg fill\" >\n\t\t\t\t\t\t\t\t\t\n\t\t\t\n\n\t\t<\/div>\n\n\t\t\n\n\t\t<div class=\"section-content relative\">\n\t\t\t\n\n<div class=\"row align-middle\"  id=\"row-1148026971\">\n\n\n\t<div id=\"col-404733970\" class=\"col medium-6 small-12 large-6\"  >\n\t\t\t\t<div class=\"col-inner\"  >\n\t\t\t\n\t\t\t\n\n\t<div id=\"gap-1089270454\" class=\"gap-element clearfix\" style=\"display:block; height:auto;\">\n\t\t\n<style>\n#gap-1089270454 {\n  padding-top: 80px;\n}\n@media (min-width:550px) {\n  #gap-1089270454 {\n    padding-top: 20px;\n  }\n}\n<\/style>\n\t<\/div>\n\t\n\n\t<div id=\"text-814890705\" class=\"text cta highlight\">\n\t\t\n\n<h2><span>Transformez vos donn\u00e9es en avantages concurrentiels.<\/span><\/h2>\n<p>Transformez vos donn\u00e9es en avantages concurrentiels. Profitez de mon expertise en gestion des donn\u00e9es pour faire progresser votre entreprise. Contactez-moi d\u00e8s maintenant et donnez un nouvel \u00e9lan \u00e0 la transformation num\u00e9rique de votre soci\u00e9t\u00e9.<\/p>\n\t\t\t<\/div>\n\t\n<a href=\"https:\/\/jaimesoroa.com\/fr\/contact\/\" class=\"button white is-outline\" >\n\t\t<span>Contact<\/span>\n\t<\/a>\n\n\n\n\t\t<\/div>\n\t\t\t\t\t<\/div>\n\n\t\n\n\t<div id=\"col-137351506\" class=\"col medium-6 small-12 large-6\"  >\n\t\t\t\t<div class=\"col-inner text-center\"  >\n\t\t\t\n\t\t\t\n\n\n\t\t<\/div>\n\t\t\t\t\t<\/div>\n\n\t\n\n<\/div>\n\n\t\t<\/div>\n\n\t\t\n<style>\n#section_1352025437 {\n  padding-top: 30px;\n  padding-bottom: 30px;\n  background-color: #2708a0;\n}\n<\/style>\n\t<\/section>\n\t\n","protected":false},"excerpt":{"rendered":"","protected":false},"author":1,"featured_media":0,"parent":0,"menu_order":0,"comment_status":"closed","ping_status":"closed","template":"page-blank.php","meta":{"footnotes":""},"class_list":["post-1675","page","type-page","status-publish","hentry"],"_links":{"self":[{"href":"https:\/\/jaimesoroa.com\/fr\/wp-json\/wp\/v2\/pages\/1675","targetHints":{"allow":["GET"]}}],"collection":[{"href":"https:\/\/jaimesoroa.com\/fr\/wp-json\/wp\/v2\/pages"}],"about":[{"href":"https:\/\/jaimesoroa.com\/fr\/wp-json\/wp\/v2\/types\/page"}],"author":[{"embeddable":true,"href":"https:\/\/jaimesoroa.com\/fr\/wp-json\/wp\/v2\/users\/1"}],"replies":[{"embeddable":true,"href":"https:\/\/jaimesoroa.com\/fr\/wp-json\/wp\/v2\/comments?post=1675"}],"version-history":[{"count":2,"href":"https:\/\/jaimesoroa.com\/fr\/wp-json\/wp\/v2\/pages\/1675\/revisions"}],"predecessor-version":[{"id":1677,"href":"https:\/\/jaimesoroa.com\/fr\/wp-json\/wp\/v2\/pages\/1675\/revisions\/1677"}],"wp:attachment":[{"href":"https:\/\/jaimesoroa.com\/fr\/wp-json\/wp\/v2\/media?parent=1675"}],"curies":[{"name":"wp","href":"https:\/\/api.w.org\/{rel}","templated":true}]}}