{"id":1669,"date":"2024-05-20T13:14:58","date_gmt":"2024-05-20T11:14:58","guid":{"rendered":"https:\/\/jaimesoroa.com\/projets-et-cas-de-reussite\/"},"modified":"2025-10-09T11:04:54","modified_gmt":"2025-10-09T09:04:54","slug":"pro","status":"publish","type":"page","link":"https:\/\/jaimesoroa.com\/fr\/pro\/","title":{"rendered":"Projets et cas de r\u00e9ussite"},"content":{"rendered":"\n\t<section class=\"section dark\" id=\"section_2061567195\">\n\t\t<div class=\"section-bg fill\" >\n\t\t\t<img loading=\"lazy\" decoding=\"async\" width=\"1920\" height=\"960\" src=\"https:\/\/jaimesoroa.com\/wp-content\/uploads\/Proyectos_Casos_Exito-Jaime_Soroa.webp\" class=\"bg attachment-original size-original\" alt=\"Proyectos Casos Exito Jaime Soroa\" \/>\t\t\t\t\t\t<div class=\"section-bg-overlay absolute fill\"><\/div>\n\t\t\t\n\n\t\t<\/div>\n\n\t\t\n\n\t\t<div class=\"section-content relative\">\n\t\t\t\n<div class=\"row align-middle\"  id=\"row-1252505067\">\n\n\t<div id=\"col-191635804\" class=\"col large-12\"  >\n\t\t\t\t<div class=\"col-inner\"  >\n\t\t\t\n\t\t\t\n\t<div id=\"text-3224226660\" class=\"text highlight\">\n\t\t\n<h1><span> Projets et cas de r\u00e9ussite<br \/> <\/span><\/h1>\n<p><span style=\"font-size:1.2rem\">\u2501 <span><span><a href=\"https:\/\/jaimesoroa.com\/fr\/inicio\/\">Jaime Soroa<\/a><\/span><\/span><\/span><\/p>\n\t\t\t<\/div>\n\t\n\t\t<\/div>\n\t\t\t\t\t<\/div>\n\n\t\n<\/div>\n\t\t<\/div>\n\n\t\t\n<style>\n#section_2061567195 {\n  padding-top: 30px;\n  padding-bottom: 30px;\n  min-height: 600px;\n}\n#section_2061567195 .section-bg-overlay {\n  background-color: rgba(39, 8, 160, 0.6);\n}\n<\/style>\n\t<\/section>\n\t\n\n\t<section class=\"section highlight\" id=\"section_506379154\">\n\t\t<div class=\"section-bg fill\" >\n\t\t\t\t\t\t\t\t\t\n\t\t\t\n\n\t\t<\/div>\n\n\t\t\n\n\t\t<div class=\"section-content relative\">\n\t\t\t\n<div class=\"row\"  id=\"row-1521678132\">\n\n\t<div id=\"col-1490426138\" class=\"col medium-6 small-12 large-6\"  >\n\t\t<div class=\"is-sticky-column\"><div class=\"is-sticky-column__inner\">\t\t<div class=\"col-inner\"  >\n\t\t\t\n\t\t\t\n\n<div class=\"spinner-wrap\">\n<div class=\"spinner-item\"><\/div>\n<div class=\"spinner-item spinner-item--2\"><\/div>\n<div class=\"spinner-item spinner-item--3\"><\/div>\n<\/div>\n\n\t\t<\/div>\n\t\t<\/div><\/div>\t\t\n<style>\n#col-1490426138 > .is-sticky-column > .is-sticky-column__inner > .col-inner {\n  padding: 0px 0px 120px 0px;\n  margin: -40px 0px 0px 0px;\n}\n<\/style>\n\t<\/div>\n\n\t\n\n\t<div id=\"col-1829830756\" class=\"col medium-6 small-12 large-6\"  >\n\t\t\t\t<div class=\"col-inner\"  >\n\t\t\t\n\t\t\t\n<p>Au cours des derni\u00e8res ann\u00e9es, j\u2019ai d\u00e9velopp\u00e9 des <strong>projets en science des donn\u00e9es, Big Data et Machine Learning<\/strong> dans divers secteurs, en appliquant des techniques avanc\u00e9es d\u2019analyse, de mod\u00e9lisation et de visualisation des donn\u00e9es pour r\u00e9soudre des probl\u00e8mes r\u00e9els et cr\u00e9er de la valeur.<\/p>\n<p>Dans cette section, vous pourrez explorer quelques-uns des <strong>cas de r\u00e9ussite les plus repr\u00e9sentatifs<\/strong>, class\u00e9s par domaine d\u2019application. Chacun d\u2019eux illustre comment l\u2019utilisation intelligente des donn\u00e9es peut faire la diff\u00e9rence en mati\u00e8re de prise de d\u00e9cisions, d\u2019optimisation des processus et d\u2019am\u00e9lioration des r\u00e9sultats. <\/p>\n\t<div id=\"gap-1102762887\" class=\"gap-element clearfix\" style=\"display:block; height:auto;\">\n\t\t\n<style>\n#gap-1102762887 {\n  padding-top: 40px;\n}\n<\/style>\n\t<\/div>\n\t\n\n\t<a class=\"plain\" href=\"https:\/\/jaimesoroa.com\/fr\/pro\/finance-fr\/\" >\t<div class=\"icon-box featured-box icon-box-top text-left\"  >\n\t\t\t\t\t<div class=\"icon-box-img\" style=\"width: 120px\">\n\t\t\t\t<div class=\"icon\">\n\t\t\t\t\t<div class=\"icon-inner\" >\n\t\t\t\t\t\t<img loading=\"lazy\" decoding=\"async\" width=\"1\" height=\"1\" src=\"https:\/\/jaimesoroa.com\/wp-content\/uploads\/icono-finanzas.svg\" class=\"attachment-medium size-medium\" alt=\"Icono Finanzas\" \/>\t\t\t\t\t<\/div>\n\t\t\t\t<\/div>\n\t\t\t<\/div>\n\t\t\t\t<div class=\"icon-box-text last-reset\">\n\t\t\t\t\t\t\t\t\t\n<h2><span>Projets dans le secteur financier<\/span><\/h2>\n<p>Mod\u00e8les de pr\u00e9diction de d\u00e9faut de paiement, analyse de portefeuilles, d\u00e9tection de fraude et automatisation des rapports financiers.<\/p>\n\t\t<\/div>\n\t<\/div>\n\t<\/a>\n\t\n\t<div id=\"gap-78483697\" class=\"gap-element clearfix\" style=\"display:block; height:auto;\">\n\t\t\n<style>\n#gap-78483697 {\n  padding-top: 40px;\n}\n<\/style>\n\t<\/div>\n\t\n\n\t<a class=\"plain\" href=\"https:\/\/jaimesoroa.com\/fr\/pro\/commerce-de-detail-et-e-commerce\/\" >\t<div class=\"icon-box featured-box icon-box-top text-left\"  >\n\t\t\t\t\t<div class=\"icon-box-img\" style=\"width: 120px\">\n\t\t\t\t<div class=\"icon\">\n\t\t\t\t\t<div class=\"icon-inner\" >\n\t\t\t\t\t\t<img loading=\"lazy\" decoding=\"async\" width=\"1\" height=\"1\" src=\"https:\/\/jaimesoroa.com\/wp-content\/uploads\/icono-retail.svg\" class=\"attachment-medium size-medium\" alt=\"Icono Retail\" \/>\t\t\t\t\t<\/div>\n\t\t\t\t<\/div>\n\t\t\t<\/div>\n\t\t\t\t<div class=\"icon-box-text last-reset\">\n\t\t\t\t\t\t\t\t\t\n<h2><span>Projets dans le retail et le e-commerce<\/span><\/h2>\n<p>Segmentation de la client\u00e8le, pr\u00e9vision de la demande, analyse de campagnes et syst\u00e8mes de recommandation personnalis\u00e9s.<\/p>\n\t\t<\/div>\n\t<\/div>\n\t<\/a>\n\t\n\t<div id=\"gap-1862014316\" class=\"gap-element clearfix\" style=\"display:block; height:auto;\">\n\t\t\n<style>\n#gap-1862014316 {\n  padding-top: 40px;\n}\n<\/style>\n\t<\/div>\n\t\n\n\t<a class=\"plain\" href=\"https:\/\/jaimesoroa.com\/fr\/pro\/energie-environnement\/\" >\t<div class=\"icon-box featured-box icon-box-top text-left\"  >\n\t\t\t\t\t<div class=\"icon-box-img\" style=\"width: 120px\">\n\t\t\t\t<div class=\"icon\">\n\t\t\t\t\t<div class=\"icon-inner\" >\n\t\t\t\t\t\t<img loading=\"lazy\" decoding=\"async\" width=\"1\" height=\"1\" src=\"https:\/\/jaimesoroa.com\/wp-content\/uploads\/icono-energia.svg\" class=\"attachment-medium size-medium\" alt=\"Icono Energia\" \/>\t\t\t\t\t<\/div>\n\t\t\t\t<\/div>\n\t\t\t<\/div>\n\t\t\t\t<div class=\"icon-box-text last-reset\">\n\t\t\t\t\t\t\t\t\t\n<h2><span>Projets dans l\u2019\u00e9nergie et l\u2019environnement<\/span><\/h2>\n<p>Pr\u00e9vision de la consommation, efficacit\u00e9 \u00e9nerg\u00e9tique, analyse environnementale en temps r\u00e9el et optimisation des ressources renouvelables.<\/p>\n\t\t<\/div>\n\t<\/div>\n\t<\/a>\n\t\n\t<div id=\"gap-1733460981\" class=\"gap-element clearfix\" style=\"display:block; height:auto;\">\n\t\t\n<style>\n#gap-1733460981 {\n  padding-top: 40px;\n}\n<\/style>\n\t<\/div>\n\t\n\n\t<a class=\"plain\" href=\"https:\/\/jaimesoroa.com\/fr\/pro\/ongs-fr\/\" >\t<div class=\"icon-box featured-box icon-box-top text-left\"  >\n\t\t\t\t\t<div class=\"icon-box-img\" style=\"width: 120px\">\n\t\t\t\t<div class=\"icon\">\n\t\t\t\t\t<div class=\"icon-inner\" >\n\t\t\t\t\t\t<img loading=\"lazy\" decoding=\"async\" width=\"1\" height=\"1\" src=\"https:\/\/jaimesoroa.com\/wp-content\/uploads\/icono-ongs.svg\" class=\"attachment-medium size-medium\" alt=\"Icono Ongs\" \/>\t\t\t\t\t<\/div>\n\t\t\t\t<\/div>\n\t\t\t<\/div>\n\t\t\t\t<div class=\"icon-box-text last-reset\">\n\t\t\t\t\t\t\t\t\t\n<h2><span>Projets pour les ONG et le secteur social<\/span><\/h2>\n<p>Mesure d\u2019impact, analyse g\u00e9ographique, optimisation des campagnes de collecte et visualisation d\u2019indicateurs sociaux.<\/p>\n\t\t<\/div>\n\t<\/div>\n\t<\/a>\n\t\n\t\t<\/div>\n\t\t\t\t\n<style>\n#col-1829830756 > .col-inner {\n  margin: 40px 0px 0px 0px;\n}\n<\/style>\n\t<\/div>\n\n\t\n<\/div>\n\t\t<\/div>\n\n\t\t\n<style>\n#section_506379154 {\n  padding-top: 30px;\n  padding-bottom: 30px;\n}\n<\/style>\n\t<\/section>\n\t\n<p>\n\t<section class=\"section has-parallax\" id=\"section_41356622\">\n\t\t<div class=\"section-bg fill\" data-parallax-container=\".section\" data-parallax-background data-parallax=\"-2\">\n\t\t\t<img loading=\"lazy\" decoding=\"async\" width=\"1920\" height=\"960\" src=\"https:\/\/jaimesoroa.com\/wp-content\/uploads\/Divider-Jaime_Soroa.webp\" class=\"bg attachment-original size-original\" alt=\"Divider Jaime Soroa\" \/>\t\t\t\t\t\t<div class=\"section-bg-overlay absolute fill\"><\/div>\n\t\t\t\n\n\t\t<\/div>\n\n\t\t\n\n\t\t<div class=\"section-content relative\">\n\t\t\t<\/p>\n<p><div class=\"row align-middle\"  id=\"row-1594929490\"><\/p>\n<p>\n\t<div id=\"col-1330280065\" class=\"col medium-4 small-12 large-4\"  >\n\t\t\t\t<div class=\"col-inner\"  >\n\t\t\t\n\t\t\t<\/p>\n<p>\t\t<\/div>\n\t\t\t\t\t<\/div>\n\n\t<br \/>\n\n\t<div id=\"col-911988801\" class=\"col medium-4 small-12 large-4\"  >\n\t\t\t\t<div class=\"col-inner text-center\"  >\n\t\t\t\n\t\t\t<\/p>\n<p>\t<div class=\"img has-hover x md-x lg-x y md-y lg-y\" id=\"image_663853980\">\n\t\t\t\t\t\t\t\t<div class=\"img-inner dark\" >\n\t\t\t<img decoding=\"async\" src=\"https:\/\/jaimesoroa.com\/wp-content\/uploads\/jaime-soroa-logo_white.svg\" class=\"attachment-original size-original\" alt=\"Jaime Soroa Logo White\" \/>\t\t\t\t\t\t\n\t\t\t\t\t<\/div>\n\t\t\t\t\t\t\t\t\n<style>\n#image_663853980 {\n  width: 60%;\n}\n@media (min-width:550px) {\n  #image_663853980 {\n    width: 80%;\n  }\n}\n<\/style>\n\t<\/div>\n\t<\/p>\n<p>\t\t<\/div>\n\t\t\t\t\t<\/div>\n\n\t<br \/>\n\n\t<div id=\"col-919267082\" class=\"col medium-4 small-12 large-4\"  >\n\t\t\t\t<div class=\"col-inner\"  >\n\t\t\t\n\t\t\t<\/p>\n<p>\t\t<\/div>\n\t\t\t\t\t<\/div>\n\n\t<\/p>\n<p><\/div><\/p>\n<p>\t\t<\/div>\n\n\t\t\n<style>\n#section_41356622 {\n  padding-top: 0px;\n  padding-bottom: 0px;\n  min-height: 240px;\n}\n#section_41356622 .section-bg-overlay {\n  background-color: rgba(39, 8, 160, 0.4);\n}\n@media (min-width:550px) {\n  #section_41356622 {\n    min-height: 400px;\n  }\n}\n<\/style>\n\t<\/section>\n\t<\/p>\n\n\n\t<section class=\"section\" id=\"section_547606282\">\n\t\t<div class=\"section-bg fill\" >\n\t\t\t\t\t\t\t\t\t\n\t\t\t\n\n\t\t<\/div>\n\n\t\t\n\n\t\t<div class=\"section-content relative\">\n\t\t\t\n\t<div id=\"gap-2117147226\" class=\"gap-element clearfix\" style=\"display:block; height:auto;\">\n\t\t\n<style>\n#gap-2117147226 {\n  padding-top: 40px;\n}\n<\/style>\n\t<\/div>\n\t\n<div class=\"row align-equal\"  id=\"row-1511418665\">\n\n\t<div id=\"col-1288591448\" class=\"col small-12 large-12\"  >\n\t\t\t\t<div class=\"col-inner\"  >\n\t\t\t\n\t\t\t\n\t<div id=\"text-3525215573\" class=\"text pegado highlight\">\n\t\t\n<h2><span>Mes projets<span><\/h2>\n\t\t\t<\/div>\n\t\n\t\t<\/div>\n\t\t\t\t\n<style>\n#col-1288591448 > .col-inner {\n  padding: 20px 0px 0px 0px;\n}\n<\/style>\n\t<\/div>\n\n\t\n\n\t<div id=\"col-1615631111\" class=\"col small-12 large-12\"  >\n\t\t\t\t<div class=\"col-inner\"  >\n\t\t\t\n\t\t\t\n<div id=\"portfolio-1511361404\" class=\"portfolio-element-wrapper has-filtering\">  <div class=\"container mb-half\">\n  <ul class=\"nav nav-true nav-left nav-line-grow nav-uppercase filter-nav\">\n    <li class=\"active\"><a href=\"#\" data-filter=\"*\">Tout<\/a><\/li>\n    <li><a href=\"#\" data-filter=\"[data-terms*='&quot;Commerce de d\u00e9tail et E-commerce&quot;']\">Commerce de d\u00e9tail et E-commerce<\/a><\/li><li><a href=\"#\" data-filter=\"[data-terms*='&quot;Data Science&quot;']\">Data Science<\/a><\/li><li><a href=\"#\" data-filter=\"[data-terms*='&quot;\u00c9nergie et Environnement&quot;']\">\u00c9nergie et Environnement<\/a><\/li><li><a href=\"#\" data-filter=\"[data-terms*='&quot;Finance&quot;']\">Finance<\/a><\/li><li><a href=\"#\" data-filter=\"[data-terms*='&quot;ONG et Secteur Social&quot;']\">ONG et Secteur Social<\/a><\/li>  <\/ul>\n  <\/div>\n  \n  \n    <div class=\"row proyectos-home row-isotope large-columns-3 medium-columns- small-columns-1 row-small\" >\n    <div class=\"col\" data-terms=\"[&quot;Data Science&quot;]\" >\n          <div class=\"col-inner\" style=\"border-radius:2%;\">\n          <a href=\"https:\/\/jaimesoroa.com\/fr\/pro\/data-science-fr\/gestion-des-donnees-de-consommation-dans-les-batiments-residentiels\/\" class=\"plain \">\n          <div class=\"portfolio-box box has-hover box-default\">\n            <div class=\"box-image\" style=\"border-radius:2%;\">\n                <div class=\"image-overlay-add-50 image-zoom image-cover\" style=\"padding-top:100%;\">\n                <img loading=\"lazy\" decoding=\"async\" width=\"450\" height=\"300\" src=\"https:\/\/jaimesoroa.com\/wp-content\/uploads\/Proyecto01-Big_Data-Jaime_Soroa-450x300.jpg\" class=\"attachment-medium size-medium\" alt=\"\" srcset=\"https:\/\/jaimesoroa.com\/wp-content\/uploads\/Proyecto01-Big_Data-Jaime_Soroa-450x300.jpg 450w, https:\/\/jaimesoroa.com\/wp-content\/uploads\/Proyecto01-Big_Data-Jaime_Soroa-1024x683.jpg 1024w, https:\/\/jaimesoroa.com\/wp-content\/uploads\/Proyecto01-Big_Data-Jaime_Soroa-768x512.jpg 768w, https:\/\/jaimesoroa.com\/wp-content\/uploads\/Proyecto01-Big_Data-Jaime_Soroa-1536x1024.jpg 1536w, https:\/\/jaimesoroa.com\/wp-content\/uploads\/Proyecto01-Big_Data-Jaime_Soroa.jpg 1920w\" sizes=\"auto, (max-width: 450px) 100vw, 450px\" \/>                                                <\/div>\n            <\/div>\n            <div class=\"box-text show-on-hover hover-bounce text-left is-large\" >\n                  <div class=\"box-text-inner\">\n                      <h6 class=\"uppercase portfolio-box-title\">Gestion des donn\u00e9es de consommation dans les b\u00e2timents r\u00e9sidentiels<\/h6>\n                      <p class=\"uppercase portfolio-box-category is-xsmall op-6\">\n                        <span class=\"show-on-hover\">\n                         Data Science                        <\/span>\n                      <\/p>\n                  <\/div>\n            <\/div>\n           <\/div>\n           <\/a>\n           <\/div>\n           <\/div><div class=\"col\" data-terms=\"[&quot;Data Science&quot;]\" >\n          <div class=\"col-inner\" style=\"border-radius:2%;\">\n          <a href=\"https:\/\/jaimesoroa.com\/fr\/pro\/data-science-fr\/traitement-des-transactions-financieres-pour-lanalyse-de-marche-des-centres-commerciaux\/\" class=\"plain \">\n          <div class=\"portfolio-box box has-hover box-default\">\n            <div class=\"box-image\" style=\"border-radius:2%;\">\n                <div class=\"image-overlay-add-50 image-zoom image-cover\" style=\"padding-top:100%;\">\n                <img loading=\"lazy\" decoding=\"async\" width=\"450\" height=\"300\" src=\"https:\/\/jaimesoroa.com\/wp-content\/uploads\/Proyecto02-Big_Data-Jaime_Soroa-450x300.jpg\" class=\"attachment-medium size-medium\" alt=\"\" srcset=\"https:\/\/jaimesoroa.com\/wp-content\/uploads\/Proyecto02-Big_Data-Jaime_Soroa-450x300.jpg 450w, https:\/\/jaimesoroa.com\/wp-content\/uploads\/Proyecto02-Big_Data-Jaime_Soroa-1024x683.jpg 1024w, https:\/\/jaimesoroa.com\/wp-content\/uploads\/Proyecto02-Big_Data-Jaime_Soroa-768x512.jpg 768w, https:\/\/jaimesoroa.com\/wp-content\/uploads\/Proyecto02-Big_Data-Jaime_Soroa-1536x1025.jpg 1536w, https:\/\/jaimesoroa.com\/wp-content\/uploads\/Proyecto02-Big_Data-Jaime_Soroa.jpg 1919w\" sizes=\"auto, (max-width: 450px) 100vw, 450px\" \/>                                                <\/div>\n            <\/div>\n            <div class=\"box-text show-on-hover hover-bounce text-left is-large\" >\n                  <div class=\"box-text-inner\">\n                      <h6 class=\"uppercase portfolio-box-title\">Traitement des transactions financi\u00e8res pour l\u2019analyse de march\u00e9 des centres commerciaux<\/h6>\n                      <p class=\"uppercase portfolio-box-category is-xsmall op-6\">\n                        <span class=\"show-on-hover\">\n                         Data Science                        <\/span>\n                      <\/p>\n                  <\/div>\n            <\/div>\n           <\/div>\n           <\/a>\n           <\/div>\n           <\/div><div class=\"col\" data-terms=\"[&quot;Data Science&quot;,&quot;Finance&quot;]\" >\n          <div class=\"col-inner\" style=\"border-radius:2%;\">\n          <a href=\"https:\/\/jaimesoroa.com\/fr\/pro\/data-science-fr,finance-fr\/traitement-des-donnees-des-capteurs-sur-des-palettes-dans-des-conteneurs-refrigeres\/\" class=\"plain \">\n          <div class=\"portfolio-box box has-hover box-default\">\n            <div class=\"box-image\" style=\"border-radius:2%;\">\n                <div class=\"image-overlay-add-50 image-zoom image-cover\" style=\"padding-top:100%;\">\n                <img loading=\"lazy\" decoding=\"async\" width=\"450\" height=\"300\" src=\"https:\/\/jaimesoroa.com\/wp-content\/uploads\/Proyecto03-Big_Data-Jaime_Soroa-450x300.jpg\" class=\"attachment-medium size-medium\" alt=\"\" srcset=\"https:\/\/jaimesoroa.com\/wp-content\/uploads\/Proyecto03-Big_Data-Jaime_Soroa-450x300.jpg 450w, https:\/\/jaimesoroa.com\/wp-content\/uploads\/Proyecto03-Big_Data-Jaime_Soroa-1024x682.jpg 1024w, https:\/\/jaimesoroa.com\/wp-content\/uploads\/Proyecto03-Big_Data-Jaime_Soroa-768x512.jpg 768w, https:\/\/jaimesoroa.com\/wp-content\/uploads\/Proyecto03-Big_Data-Jaime_Soroa-1536x1023.jpg 1536w, https:\/\/jaimesoroa.com\/wp-content\/uploads\/Proyecto03-Big_Data-Jaime_Soroa.jpg 1920w\" sizes=\"auto, (max-width: 450px) 100vw, 450px\" \/>                                                <\/div>\n            <\/div>\n            <div class=\"box-text show-on-hover hover-bounce text-left is-large\" >\n                  <div class=\"box-text-inner\">\n                      <h6 class=\"uppercase portfolio-box-title\">Traitement des donn\u00e9es des capteurs sur des palettes dans des conteneurs r\u00e9frig\u00e9r\u00e9s<\/h6>\n                      <p class=\"uppercase portfolio-box-category is-xsmall op-6\">\n                        <span class=\"show-on-hover\">\n                         Data Science, Finance                        <\/span>\n                      <\/p>\n                  <\/div>\n            <\/div>\n           <\/div>\n           <\/a>\n           <\/div>\n           <\/div><div class=\"col\" data-terms=\"[&quot;Commerce de d\u00e9tail et E-commerce&quot;,&quot;Data Science&quot;,&quot;\u00c9nergie et Environnement&quot;,&quot;Finance&quot;,&quot;ONG et Secteur Social&quot;]\" >\n          <div class=\"col-inner\" style=\"border-radius:2%;\">\n          <a href=\"https:\/\/jaimesoroa.com\/fr\/pro\/commerce-de-detail-et-e-commerce,data-science-fr,energie-environnement,finance-fr,ongs-fr\/creation-de-cartes-de-couverture-mobile\/\" class=\"plain \">\n          <div class=\"portfolio-box box has-hover box-default\">\n            <div class=\"box-image\" style=\"border-radius:2%;\">\n                <div class=\"image-overlay-add-50 image-zoom image-cover\" style=\"padding-top:100%;\">\n                <img loading=\"lazy\" decoding=\"async\" width=\"450\" height=\"300\" src=\"https:\/\/jaimesoroa.com\/wp-content\/uploads\/Proyecto04-Big_Data-Jaime_Soroa-450x300.jpg\" class=\"attachment-medium size-medium\" alt=\"\" srcset=\"https:\/\/jaimesoroa.com\/wp-content\/uploads\/Proyecto04-Big_Data-Jaime_Soroa-450x300.jpg 450w, https:\/\/jaimesoroa.com\/wp-content\/uploads\/Proyecto04-Big_Data-Jaime_Soroa-1024x683.jpg 1024w, https:\/\/jaimesoroa.com\/wp-content\/uploads\/Proyecto04-Big_Data-Jaime_Soroa-768x512.jpg 768w, https:\/\/jaimesoroa.com\/wp-content\/uploads\/Proyecto04-Big_Data-Jaime_Soroa-1536x1024.jpg 1536w, https:\/\/jaimesoroa.com\/wp-content\/uploads\/Proyecto04-Big_Data-Jaime_Soroa.jpg 1920w\" sizes=\"auto, (max-width: 450px) 100vw, 450px\" \/>                                                <\/div>\n            <\/div>\n            <div class=\"box-text show-on-hover hover-bounce text-left is-large\" >\n                  <div class=\"box-text-inner\">\n                      <h6 class=\"uppercase portfolio-box-title\">Cr\u00e9ation de cartes de couverture mobile<\/h6>\n                      <p class=\"uppercase portfolio-box-category is-xsmall op-6\">\n                        <span class=\"show-on-hover\">\n                         Commerce de d\u00e9tail et E-commerce, Data Science, \u00c9nergie et Environnement, Finance, ONG et Secteur Social                        <\/span>\n                      <\/p>\n                  <\/div>\n            <\/div>\n           <\/div>\n           <\/a>\n           <\/div>\n           <\/div><\/div><\/div>\n\t\t<\/div>\n\t\t\t\t\t<\/div>\n\n\t\n<\/div>\n\t\t<\/div>\n\n\t\t\n<style>\n#section_547606282 {\n  padding-top: 0px;\n  padding-bottom: 0px;\n}\n@media (min-width:550px) {\n  #section_547606282 {\n    padding-top: 30px;\n    padding-bottom: 30px;\n  }\n}\n<\/style>\n\t<\/section>\n\t\n\n\t<section class=\"section cta-block dark\" id=\"section_1864862879\">\n\t\t<div class=\"section-bg fill\" >\n\t\t\t\t\t\t\t\t\t\n\t\t\t\n\n\t\t<\/div>\n\n\t\t\n\n\t\t<div class=\"section-content relative\">\n\t\t\t\n\n<div class=\"row align-middle\"  id=\"row-1484718846\">\n\n\n\t<div id=\"col-1229167444\" class=\"col medium-6 small-12 large-6\"  >\n\t\t\t\t<div class=\"col-inner\"  >\n\t\t\t\n\t\t\t\n\n\t<div id=\"gap-1940575824\" class=\"gap-element clearfix\" style=\"display:block; height:auto;\">\n\t\t\n<style>\n#gap-1940575824 {\n  padding-top: 80px;\n}\n@media (min-width:550px) {\n  #gap-1940575824 {\n    padding-top: 20px;\n  }\n}\n<\/style>\n\t<\/div>\n\t\n\n\t<div id=\"text-2250386314\" class=\"text cta highlight\">\n\t\t\n\n<h2><span>Transformez vos donn\u00e9es en avantages concurrentiels.<\/span><\/h2>\n<p>Transformez vos donn\u00e9es en avantages concurrentiels. Profitez de mon expertise en gestion des donn\u00e9es pour faire progresser votre entreprise. Contactez-moi d\u00e8s maintenant et donnez un nouvel \u00e9lan \u00e0 la transformation num\u00e9rique de votre soci\u00e9t\u00e9.<\/p>\n\t\t\t<\/div>\n\t\n<a href=\"https:\/\/jaimesoroa.com\/fr\/contact\/\" class=\"button white is-outline\" >\n\t\t<span>Contact<\/span>\n\t<\/a>\n\n\n\n\t\t<\/div>\n\t\t\t\t\t<\/div>\n\n\t\n\n\t<div id=\"col-1185662185\" class=\"col medium-6 small-12 large-6\"  >\n\t\t\t\t<div class=\"col-inner text-center\"  >\n\t\t\t\n\t\t\t\n\n\n\t\t<\/div>\n\t\t\t\t\t<\/div>\n\n\t\n\n<\/div>\n\n\t\t<\/div>\n\n\t\t\n<style>\n#section_1864862879 {\n  padding-top: 30px;\n  padding-bottom: 30px;\n  background-color: #2708a0;\n}\n<\/style>\n\t<\/section>\n\t\n","protected":false},"excerpt":{"rendered":"","protected":false},"author":1,"featured_media":0,"parent":0,"menu_order":0,"comment_status":"closed","ping_status":"closed","template":"page-blank.php","meta":{"footnotes":""},"class_list":["post-1669","page","type-page","status-publish","hentry"],"_links":{"self":[{"href":"https:\/\/jaimesoroa.com\/fr\/wp-json\/wp\/v2\/pages\/1669","targetHints":{"allow":["GET"]}}],"collection":[{"href":"https:\/\/jaimesoroa.com\/fr\/wp-json\/wp\/v2\/pages"}],"about":[{"href":"https:\/\/jaimesoroa.com\/fr\/wp-json\/wp\/v2\/types\/page"}],"author":[{"embeddable":true,"href":"https:\/\/jaimesoroa.com\/fr\/wp-json\/wp\/v2\/users\/1"}],"replies":[{"embeddable":true,"href":"https:\/\/jaimesoroa.com\/fr\/wp-json\/wp\/v2\/comments?post=1669"}],"version-history":[{"count":11,"href":"https:\/\/jaimesoroa.com\/fr\/wp-json\/wp\/v2\/pages\/1669\/revisions"}],"predecessor-version":[{"id":1887,"href":"https:\/\/jaimesoroa.com\/fr\/wp-json\/wp\/v2\/pages\/1669\/revisions\/1887"}],"wp:attachment":[{"href":"https:\/\/jaimesoroa.com\/fr\/wp-json\/wp\/v2\/media?parent=1669"}],"curies":[{"name":"wp","href":"https:\/\/api.w.org\/{rel}","templated":true}]}}