{"id":189,"date":"2023-10-16T11:07:36","date_gmt":"2023-10-16T09:07:36","guid":{"rendered":"https:\/\/hidroclean.tuchoconsultoria.es\/?page_id=189"},"modified":"2026-04-09T08:56:23","modified_gmt":"2026-04-09T06:56:23","slug":"politica-de-privacidad","status":"publish","type":"page","link":"https:\/\/jaimesoroa.com\/es\/politica-de-privacidad\/","title":{"rendered":"Pol\u00edtica de privacidad"},"content":{"rendered":"\n\t<section class=\"section dark\" id=\"section_642309672\">\n\t\t<div class=\"section-bg fill\" >\n\t\t\t<img loading=\"lazy\" decoding=\"async\" width=\"1899\" height=\"948\" src=\"https:\/\/jaimesoroa.com\/wp-content\/uploads\/Textos_Legales-Jaime_Soroa.jpg\" class=\"bg attachment-original size-original\" alt=\"Textos Legales Jaime Soroa\" \/>\t\t\t\t\t\t<div class=\"section-bg-overlay absolute fill\"><\/div>\n\t\t\t\n\n\t\t<\/div>\n\n\t\t\n\n\t\t<div class=\"section-content relative\">\n\t\t\t\n<div class=\"row align-middle\"  id=\"row-1029526767\">\n\n\t<div id=\"col-1137421006\" class=\"col large-12\"  >\n\t\t\t\t<div class=\"col-inner\"  >\n\t\t\t\n\t\t\t\n\t<div id=\"text-2562983974\" class=\"text highlight\">\n\t\t\n<h1><span>Pol\u00edtica de privacidad<\/span><\/h1>\n<p><span style=\"font-size:1.2rem\">\u2501 <span><span><a href=\"https:\/\/jaimesoroa.com\/es\/\">Jaime Soroa<\/a><\/span><\/span><\/span><\/p>\n\t\t\t<\/div>\n\t\n\t\t<\/div>\n\t\t\t\t\t<\/div>\n\n\t\n<\/div>\n\t\t<\/div>\n\n\t\t\n<style>\n#section_642309672 {\n  padding-top: 30px;\n  padding-bottom: 30px;\n  min-height: 600px;\n}\n#section_642309672 .section-bg-overlay {\n  background-color: rgba(39, 8, 160, 0.6);\n}\n<\/style>\n\t<\/section>\n\t\n<div class=\"row\"  id=\"row-388252312\">\n\n\t<div id=\"col-1399718555\" class=\"col small-12 large-12\"  >\n\t\t\t\t<div class=\"col-inner\"  >\n\t\t\t\n\t\t\t\n<p><strong>INFORMACI\u00d3N B\u00c1SICA ENTIDAD<\/strong><br \/>Responsable: Identidad del responsable del tratamiento<br \/>Finalidad: Descripci\u00f3n sencilla de los fines del tratamiento<br \/>Legitimaci\u00f3n: Base jur\u00eddica del tratamiento<br \/>Destinatarios: No se ceder\u00e1n datos a terceros salvo obligaci\u00f3n legal<br \/>Derechos: Ejercicio de derechos<\/p>\n<p><strong>DESARROLLO DE LA INFORMACI\u00d3N B\u00c1SICA<\/strong><br \/>En nuestra Entidad, hemos adaptado nuestros protocolos y pol\u00edticas de privacidad al Reglamento Europeo de Protecci\u00f3n de Datos 679\/2016 (RGPD) y a la LO 3\/2018, de 5 de diciembre, de Protecci\u00f3n de Datos personales y garant\u00eda de los derechos digitales, dado que nos preocupa la seguridad y la protecci\u00f3n de los datos que tratamos.<\/p>\n<p><strong>1.- QUI\u00c9N ES EL RESPONSABLE DEL TRATAMIENTO DE DATOS<\/strong><br \/>JAIME SOROA, con domicilio en Madrid es el responsable del correcto tratamiento de sus datos. Puede Vd. consultar sobre este tratamiento a trav\u00e9s del siguiente mail <a href=\"mailto:contacto@jaimesoroa.com\">contacto@jaimesoroa.com<\/a><\/p>\n<p><strong>2.- PARA QU\u00c9 UTILIZAMOS SUS DATOS Y CUANTO TIEMPO LOS CONSERVAMOS<\/strong><br \/>En JAIME SOROA tratamos la informaci\u00f3n que nos facilitan las personas interesadas con el fin de:<\/p>\n<ul>\n<li>Cumplir con las prestaciones y servicios que suscribamos con el cliente<\/li>\n<li>Tramitar y gestionar las solicitudes realizadas en relaci\u00f3n a productos y servicios.<\/li>\n<\/ul>\n<p>Los datos personales proporcionados se conservar\u00e1n mientras se mantenga la relaci\u00f3n contractual y no se solicite su supresi\u00f3n por el interesado. Hay datos que por su naturaleza, debemos conservar a pesar de que nos retire su consentimiento por la existencia de una obligaci\u00f3n legal.<\/p>\n<p><strong>3.- CU\u00c1L ES LA BASE LEGAL PARA EL TRATAMIENTO DE LOS DATOS<\/strong><br \/>La utilizaci\u00f3n de los datos que nos has facilitado a trav\u00e9s del consentimiento, es necesaria para la correcta gesti\u00f3n de las relaciones con los Clientes \/ Colaboradores y, adem\u00e1s, poder cumplir con las obligaciones legales. En cualquier momento puede manifestar su oposici\u00f3n al uso de sus datos y, por lo tanto, dejar sin efecto cualquier tipo de gesti\u00f3n con los mismos, quedando \u00fanicamente sus datos bloqueados durante el tiempo legalmente previsto. Comunicarle que el no consentimiento puede conllevar que los servicios sean imposibles de prestar.<\/p>\n<p><strong>4.- \u00bfVAN A CEDER MIS DATOS?<\/strong><br \/>En principio no se ceder\u00e1n datos salvo obligaci\u00f3n legal. Ahora bien, sus datos podr\u00e1n ser cedidos a profesionales y\/o proveedores de esta Entidad a los solos efectos cumplimiento contractual o bien, a proveedores del servicios de esta Entidad como son las asesor\u00edas, servicios inform\u00e1ticos, servicios de almacenamiento en la nube, etc.<\/p>\n<p><strong>5.- DURANTE CU\u00c1NTO CONSERVAREMOS SUS DATOS PERSONALES<\/strong><br \/>Solamente conservaremos sus datos personales mientras que mantengamos una relaci\u00f3n contractual, mientras que exista un requisito legal que lo obligue, mientras que Vd. no ejerza ninguno de los derechos que hagan que no podamos tratar sus datos.<\/p>\n<p><strong>6.- C\u00d3MO PUEDO EJERCER MIS DERECHOS<\/strong><br \/>Como titular de derechos, Vd. tiene el control de sus datos y, por lo tanto, en cualquier momento puede ejercitar sus derechos, envi\u00e1ndonos un mail <a href=\"mailto:jsoroa@jaimesoroa.com\">jsoroa@jaimesoroa.com<\/a>. Los derechos que puede ejercitar son:<\/p>\n<ul>\n<li><strong>Acceso \u2013<\/strong> Podr\u00e1 consultar sus datos personales tratados por esta Entidad<\/li>\n<li><strong>Rectificaci\u00f3n \u2013<\/strong> Podr\u00e1 modificar sus datos personales cuando sean inexactos<\/li>\n<li><strong>Supresi\u00f3n \u2013<\/strong> Podr\u00e1 solicitar la eliminaci\u00f3n de sus datos personales<\/li>\n<li><strong>Oposici\u00f3n \u2013<\/strong> Podr\u00e1 solicitar que no se trate alguno de sus datos personales<\/li>\n<li><strong>Limitaci\u00f3n del Tratamiento \u2013<\/strong> Podr\u00e1 solicitar la limitaci\u00f3n al tratamiento de sus datos personales en determinadas circunstancias<\/li>\n<li><strong>Portabilidad \u2013<\/strong> Podr\u00e1 recibir los datos personales que nos haya facilitado o que hayamos obtenido en nuestra relaci\u00f3n contractual, as\u00ed como trasmitirlos a otra Entidad.<\/li>\n<\/ul>\n<p>Se informa a los usuarios, que tiene derecho a revocar el consentimiento en cualquier momento, sin que ello afecte a la licitud del tratamiento basado en el consentimiento previo a su retirada.<\/p>\n<p>As\u00ed mismo se informa a los interesados de que pueden presentar una reclamaci\u00f3n ante la Autoridad de Control en materia de Protecci\u00f3n de Datos competente, especialmente cuando no haya obtenido satisfacci\u00f3n en el ejercicio de sus derechos.<\/p>\n<p>Todos sus derechos puede solicitarlos indicando su nombre y haci\u00e9ndonos llegar una fotocopia de su identificaci\u00f3n con la solicitud.<\/p>\n\t\t<\/div>\n\t\t\t\t\n<style>\n#col-1399718555 > .col-inner {\n  padding: 20px 0px 40px 0px;\n}\n@media (min-width:550px) {\n  #col-1399718555 > .col-inner {\n    padding: 40px 0px 40px 0px;\n  }\n}\n<\/style>\n\t<\/div>\n\n\t\n<\/div>\n","protected":false},"excerpt":{"rendered":"","protected":false},"author":1,"featured_media":0,"parent":0,"menu_order":0,"comment_status":"closed","ping_status":"closed","template":"page-blank.php","meta":{"footnotes":""},"class_list":["post-189","page","type-page","status-publish","hentry"],"_links":{"self":[{"href":"https:\/\/jaimesoroa.com\/es\/wp-json\/wp\/v2\/pages\/189","targetHints":{"allow":["GET"]}}],"collection":[{"href":"https:\/\/jaimesoroa.com\/es\/wp-json\/wp\/v2\/pages"}],"about":[{"href":"https:\/\/jaimesoroa.com\/es\/wp-json\/wp\/v2\/types\/page"}],"author":[{"embeddable":true,"href":"https:\/\/jaimesoroa.com\/es\/wp-json\/wp\/v2\/users\/1"}],"replies":[{"embeddable":true,"href":"https:\/\/jaimesoroa.com\/es\/wp-json\/wp\/v2\/comments?post=189"}],"version-history":[{"count":4,"href":"https:\/\/jaimesoroa.com\/es\/wp-json\/wp\/v2\/pages\/189\/revisions"}],"predecessor-version":[{"id":1909,"href":"https:\/\/jaimesoroa.com\/es\/wp-json\/wp\/v2\/pages\/189\/revisions\/1909"}],"wp:attachment":[{"href":"https:\/\/jaimesoroa.com\/es\/wp-json\/wp\/v2\/media?parent=189"}],"curies":[{"name":"wp","href":"https:\/\/api.w.org\/{rel}","templated":true}]}}