{"id":1339,"date":"2025-04-07T14:28:17","date_gmt":"2025-04-07T12:28:17","guid":{"rendered":"https:\/\/jaimesoroa.com\/?page_id=1339"},"modified":"2025-04-10T21:54:30","modified_gmt":"2025-04-10T19:54:30","slug":"procesamiento-datos-nube","status":"publish","type":"page","link":"https:\/\/jaimesoroa.com\/es\/servicios\/procesamiento-datos-nube\/","title":{"rendered":"Procesamiento de Datos en la Nube"},"content":{"rendered":"\n\t<section class=\"section dark\" id=\"section_771250190\">\n\t\t<div class=\"section-bg fill\" >\n\t\t\t<img loading=\"lazy\" decoding=\"async\" width=\"1920\" height=\"959\" src=\"https:\/\/jaimesoroa.com\/wp-content\/uploads\/Procesamiento_Datos_Nube-Jaime_Soroa.webp\" class=\"bg attachment-original size-original\" alt=\"Procesamiento Datos Nube Jaime Soroa\" \/>\t\t\t\t\t\t<div class=\"section-bg-overlay absolute fill\"><\/div>\n\t\t\t\n\n\t\t<\/div>\n\n\t\t\n\n\t\t<div class=\"section-content relative\">\n\t\t\t\n<div class=\"row align-middle\"  id=\"row-1236194148\">\n\n\t<div id=\"col-85090183\" class=\"col large-12\"  >\n\t\t\t\t<div class=\"col-inner\"  >\n\t\t\t\n\t\t\t\n\t<div id=\"text-43657997\" class=\"text highlight\">\n\t\t\n<h1><span>Procesamiento de Datos en la Nube<\/span><\/h1>\n<p><span style=\"font-size:1.2rem\">\u2501 <span><span><a href=\"https:\/\/jaimesoroa.com\/es\/\">Jaime Soroa<\/a><\/span><\/span><\/span><\/p>\n\t\t\t<\/div>\n\t\n\t\t<\/div>\n\t\t\t\t\t<\/div>\n\n\t\n<\/div>\n\t\t<\/div>\n\n\t\t\n<style>\n#section_771250190 {\n  padding-top: 30px;\n  padding-bottom: 30px;\n  min-height: 600px;\n}\n#section_771250190 .section-bg-overlay {\n  background-color: rgba(39, 8, 160, 0.6);\n}\n<\/style>\n\t<\/section>\n\t\n\n\t<section class=\"section highlight\" id=\"section_1339490567\">\n\t\t<div class=\"section-bg fill\" >\n\t\t\t\t\t\t\t\t\t\n\t\t\t\n\n\t\t<\/div>\n\n\t\t\n\n\t\t<div class=\"section-content relative\">\n\t\t\t\n<div class=\"row\"  id=\"row-1664800\">\n\n\t<div id=\"col-1765971058\" class=\"col medium-6 small-12 large-6\"  >\n\t\t<div class=\"is-sticky-column\"><div class=\"is-sticky-column__inner\">\t\t<div class=\"col-inner\"  >\n\t\t\t\n\t\t\t\n\n<div class=\"spinner-wrap\">\n<div class=\"spinner-item\"><\/div>\n<div class=\"spinner-item spinner-item--2\"><\/div>\n<div class=\"spinner-item spinner-item--3\"><\/div>\n<\/div>\n\n\t\t<\/div>\n\t\t<\/div><\/div>\t\t\n<style>\n#col-1765971058 > .is-sticky-column > .is-sticky-column__inner > .col-inner {\n  padding: 0px 0px 120px 0px;\n  margin: -40px 0px 0px 0px;\n}\n<\/style>\n\t<\/div>\n\n\t\n\n\t<div id=\"col-619689102\" class=\"col medium-6 small-12 large-6\"  >\n\t\t\t\t<div class=\"col-inner\"  >\n\t\t\t\n\t\t\t\n<p>Las soluciones en la nube han revolucionado la forma en que las empresas gestionan sus datos. Hoy es posible almacenar, procesar y analizar informaci\u00f3n a gran escala sin necesidad de invertir en infraestructura f\u00edsica. Con mis servicios de <strong>procesamiento de datos en la nube<\/strong>, te ayudo a aprovechar el potencial de plataformas como <strong>Google Cloud, Amazon Web Services (AWS) o Microsoft Azure<\/strong> para escalar tus procesos anal\u00edticos y mejorar el rendimiento de tus operaciones.<\/p>\n<p>Trabajo con arquitecturas modernas basadas en cloud computing, dise\u00f1ando soluciones flexibles, seguras y eficientes que se adaptan a las necesidades espec\u00edficas de cada proyecto.<\/p>\n\t<div id=\"gap-1259537357\" class=\"gap-element clearfix\" style=\"display:block; height:auto;\">\n\t\t\n<style>\n#gap-1259537357 {\n  padding-top: 40px;\n}\n<\/style>\n\t<\/div>\n\t\n<h2><span>Qu\u00e9 puedo hacer por tu empresa<\/span><\/h2>\n<ul>\n<li><strong>Integraci\u00f3n y transformaci\u00f3n de datos en la nube<\/strong>: Desarrollo pipelines de datos para recoger, limpiar y transformar informaci\u00f3n en entornos cloud.<\/li>\n<li><strong>Automatizaci\u00f3n de procesos de an\u00e1lisis<\/strong>: Implemento workflows que permiten ejecutar tareas de an\u00e1lisis y generaci\u00f3n de informes de forma autom\u00e1tica y escalable.<\/li>\n<li><strong>Optimizaci\u00f3n del coste y rendimiento<\/strong>: Configuro soluciones que aprovechan los recursos cloud de forma eficiente, minimizando tiempos de procesamiento y costes asociados.<\/li>\n<li><strong>Migraci\u00f3n de entornos locales a la nube<\/strong>: Te acompa\u00f1o en el proceso de migrar tus sistemas de an\u00e1lisis de datos desde servidores locales hacia entornos como BigQuery (Google), Redshift (AWS) o Azure Synapse.<\/li>\n<\/ul>\n\t<div id=\"gap-732367880\" class=\"gap-element clearfix\" style=\"display:block; height:auto;\">\n\t\t\n<style>\n#gap-732367880 {\n  padding-top: 40px;\n}\n<\/style>\n\t<\/div>\n\t\n<h2>\u00bfPara qui\u00e9n est\u00e1 pensado este servicio?<\/h2>\n<p>Empresas que necesitan escalar su capacidad de procesamiento, automatizar flujos complejos o simplemente modernizar su infraestructura de datos. Tambi\u00e9n es ideal para organizaciones que trabajan con grandes vol\u00famenes de informaci\u00f3n o que requieren flexibilidad y acceso en tiempo real.<\/p>\n\t<div id=\"gap-878830603\" class=\"gap-element clearfix\" style=\"display:block; height:auto;\">\n\t\t\n<style>\n#gap-878830603 {\n  padding-top: 40px;\n}\n<\/style>\n\t<\/div>\n\t\n<h2>\u00bfPor qu\u00e9 elegir el cloud?<\/h2>\n<p>El procesamiento en la nube permite reducir costes operativos, ganar agilidad y facilitar la colaboraci\u00f3n entre equipos. Adem\u00e1s, garantiza una alta disponibilidad y una escalabilidad pr\u00e1cticamente ilimitada, lo que lo convierte en la soluci\u00f3n ideal para proyectos de an\u00e1lisis de datos avanzados.<\/p>\n\t\t<\/div>\n\t\t\t\t\n<style>\n#col-619689102 > .col-inner {\n  margin: 40px 0px 0px 0px;\n}\n<\/style>\n\t<\/div>\n\n\t\n<\/div>\n\t\t<\/div>\n\n\t\t\n<style>\n#section_1339490567 {\n  padding-top: 30px;\n  padding-bottom: 30px;\n}\n<\/style>\n\t<\/section>\n\t\n\n\t<section class=\"section cta-block dark\" id=\"section_1702916689\">\n\t\t<div class=\"section-bg fill\" >\n\t\t\t\t\t\t\t\t\t\n\t\t\t\n\n\t\t<\/div>\n\n\t\t\n\n\t\t<div class=\"section-content relative\">\n\t\t\t\n\n<div class=\"row align-middle\"  id=\"row-622792180\">\n\n\n\t<div id=\"col-2086901273\" class=\"col medium-6 small-12 large-6\"  >\n\t\t\t\t<div class=\"col-inner\"  >\n\t\t\t\n\t\t\t\n\n\t<div id=\"gap-4045246\" class=\"gap-element clearfix\" style=\"display:block; height:auto;\">\n\t\t\n<style>\n#gap-4045246 {\n  padding-top: 80px;\n}\n@media (min-width:550px) {\n  #gap-4045246 {\n    padding-top: 20px;\n  }\n}\n<\/style>\n\t<\/div>\n\t\n\n\t<div id=\"text-2158620687\" class=\"text cta highlight\">\n\t\t\n\n<h2><span>Transforma tus datos en ventajas competitivas.<\/span><\/h2>\n<p>Cuenta con mi experiencia en la gesti\u00f3n de datos para impulsar tu negocio. Contacta ahora y da un salto en la digitalizaci\u00f3n de tu empresa.<\/p>\n\t\t\t<\/div>\n\t\n<a href=\"\/contacto\/\" class=\"button white is-outline\" >\n\t\t<span>Contacto<\/span>\n\t<\/a>\n\n\n\n\t\t<\/div>\n\t\t\t\t\t<\/div>\n\n\t\n\n\t<div id=\"col-2126888174\" class=\"col medium-6 small-12 large-6\"  >\n\t\t\t\t<div class=\"col-inner text-center\"  >\n\t\t\t\n\t\t\t\n\n\n\t\t<\/div>\n\t\t\t\t\t<\/div>\n\n\t\n\n<\/div>\n\n\t\t<\/div>\n\n\t\t\n<style>\n#section_1702916689 {\n  padding-top: 30px;\n  padding-bottom: 30px;\n  background-color: #2708a0;\n}\n<\/style>\n\t<\/section>\n\t\n","protected":false},"excerpt":{"rendered":"","protected":false},"author":1,"featured_media":0,"parent":1333,"menu_order":0,"comment_status":"closed","ping_status":"closed","template":"page-blank.php","meta":{"footnotes":""},"class_list":["post-1339","page","type-page","status-publish","hentry"],"_links":{"self":[{"href":"https:\/\/jaimesoroa.com\/es\/wp-json\/wp\/v2\/pages\/1339","targetHints":{"allow":["GET"]}}],"collection":[{"href":"https:\/\/jaimesoroa.com\/es\/wp-json\/wp\/v2\/pages"}],"about":[{"href":"https:\/\/jaimesoroa.com\/es\/wp-json\/wp\/v2\/types\/page"}],"author":[{"embeddable":true,"href":"https:\/\/jaimesoroa.com\/es\/wp-json\/wp\/v2\/users\/1"}],"replies":[{"embeddable":true,"href":"https:\/\/jaimesoroa.com\/es\/wp-json\/wp\/v2\/comments?post=1339"}],"version-history":[{"count":8,"href":"https:\/\/jaimesoroa.com\/es\/wp-json\/wp\/v2\/pages\/1339\/revisions"}],"predecessor-version":[{"id":1508,"href":"https:\/\/jaimesoroa.com\/es\/wp-json\/wp\/v2\/pages\/1339\/revisions\/1508"}],"up":[{"embeddable":true,"href":"https:\/\/jaimesoroa.com\/es\/wp-json\/wp\/v2\/pages\/1333"}],"wp:attachment":[{"href":"https:\/\/jaimesoroa.com\/es\/wp-json\/wp\/v2\/media?parent=1339"}],"curies":[{"name":"wp","href":"https:\/\/api.w.org\/{rel}","templated":true}]}}