{"id":1337,"date":"2025-04-07T14:28:04","date_gmt":"2025-04-07T12:28:04","guid":{"rendered":"https:\/\/jaimesoroa.com\/?page_id=1337"},"modified":"2025-04-10T22:11:56","modified_gmt":"2025-04-10T20:11:56","slug":"big-data-machine-learning","status":"publish","type":"page","link":"https:\/\/jaimesoroa.com\/es\/servicios\/big-data-machine-learning\/","title":{"rendered":"Big Data y Machine Learning"},"content":{"rendered":"\n\t<section class=\"section dark\" id=\"section_1074807910\">\n\t\t<div class=\"section-bg fill\" >\n\t\t\t<img loading=\"lazy\" decoding=\"async\" width=\"2160\" height=\"1080\" src=\"https:\/\/jaimesoroa.com\/wp-content\/uploads\/Big_Data-Jaime_Soroa.webp\" class=\"bg attachment-original size-original\" alt=\"Big Data Jaime Soroa\" \/>\t\t\t\t\t\t<div class=\"section-bg-overlay absolute fill\"><\/div>\n\t\t\t\n\n\t\t<\/div>\n\n\t\t\n\n\t\t<div class=\"section-content relative\">\n\t\t\t\n<div class=\"row align-middle\"  id=\"row-1153819730\">\n\n\t<div id=\"col-1981991526\" class=\"col large-12\"  >\n\t\t\t\t<div class=\"col-inner\"  >\n\t\t\t\n\t\t\t\n\t<div id=\"text-1099760181\" class=\"text highlight\">\n\t\t\n<h1><span>Big Data y Machine Learning para Empresas<\/span><\/h1>\n<p><span style=\"font-size:1.2rem\">\u2501 <span><span><a href=\"https:\/\/jaimesoroa.com\/es\/\">Jaime Soroa<\/a><\/span><\/span><\/span><\/p>\n\t\t\t<\/div>\n\t\n\t\t<\/div>\n\t\t\t\t\t<\/div>\n\n\t\n<\/div>\n\t\t<\/div>\n\n\t\t\n<style>\n#section_1074807910 {\n  padding-top: 30px;\n  padding-bottom: 30px;\n  min-height: 600px;\n}\n#section_1074807910 .section-bg-overlay {\n  background-color: rgba(39, 8, 160, 0.6);\n}\n<\/style>\n\t<\/section>\n\t\n\n\t<section class=\"section highlight\" id=\"section_1686968465\">\n\t\t<div class=\"section-bg fill\" >\n\t\t\t\t\t\t\t\t\t\n\t\t\t\n\n\t\t<\/div>\n\n\t\t\n\n\t\t<div class=\"section-content relative\">\n\t\t\t\n<div class=\"row\"  id=\"row-993446400\">\n\n\t<div id=\"col-1396196555\" class=\"col medium-6 small-12 large-6\"  >\n\t\t<div class=\"is-sticky-column\"><div class=\"is-sticky-column__inner\">\t\t<div class=\"col-inner\"  >\n\t\t\t\n\t\t\t\n\n<div class=\"spinner-wrap\">\n<div class=\"spinner-item\"><\/div>\n<div class=\"spinner-item spinner-item--2\"><\/div>\n<div class=\"spinner-item spinner-item--3\"><\/div>\n<\/div>\n\n\t\t<\/div>\n\t\t<\/div><\/div>\t\t\n<style>\n#col-1396196555 > .is-sticky-column > .is-sticky-column__inner > .col-inner {\n  padding: 0px 0px 120px 0px;\n  margin: -40px 0px 0px 0px;\n}\n<\/style>\n\t<\/div>\n\n\t\n\n\t<div id=\"col-1031254230\" class=\"col medium-6 small-12 large-6\"  >\n\t\t\t\t<div class=\"col-inner\"  >\n\t\t\t\n\t\t\t\n<p>El volumen de datos que generan las empresas no deja de crecer. Pero solo aquellas que saben extraer valor de esa informaci\u00f3n pueden anticiparse al mercado, optimizar procesos y tomar decisiones estrat\u00e9gicas. Con mis servicios en <strong>Big Data<\/strong> y <strong>Machine Learning<\/strong>, te ayudo a convertir grandes vol\u00famenes de datos en modelos predictivos, automatizaciones inteligentes y mejoras reales en tus procesos de negocio.<\/p>\n<p>Trabajo con tecnolog\u00edas punteras y lenguajes como <strong>Python, SQL, PySpark<\/strong> y librer\u00edas de machine learning como <strong>Scikit-Learn, TensorFlow o XGBoost<\/strong>, siempre adaptadas al contexto y necesidades de cada cliente<\/p>\n\t<div id=\"gap-1206398231\" class=\"gap-element clearfix\" style=\"display:block; height:auto;\">\n\t\t\n<style>\n#gap-1206398231 {\n  padding-top: 40px;\n}\n<\/style>\n\t<\/div>\n\t\n<h2><span>Qu\u00e9 puedo hacer por tu empresa<\/span><\/h2>\n<ul>\n<li><strong>Procesamiento de grandes vol\u00famenes de datos<\/strong>: Dise\u00f1o pipelines eficientes para la limpieza, transformaci\u00f3n y explotaci\u00f3n de datos masivos, en local o en la nube.<\/li>\n<li><strong>Modelos predictivos y clasificaci\u00f3n<\/strong>: Desarrollo modelos de machine learning que permiten anticipar tendencias, clasificar comportamientos o automatizar decisiones.<\/li>\n<li><strong>Detecci\u00f3n de anomal\u00edas y patrones<\/strong>: Identifico eventos relevantes o comportamientos inusuales en tiempo real, lo que es especialmente \u00fatil en sectores como la banca, la energ\u00eda o los seguros.<\/li>\n<li><strong>Optimizaci\u00f3n de procesos con inteligencia artificial<\/strong>: Aplicaciones personalizadas para reducir costes, mejorar la eficiencia o adaptar tu oferta a la demanda.<\/li>\n<\/ul>\n\t<div id=\"gap-1443839123\" class=\"gap-element clearfix\" style=\"display:block; height:auto;\">\n\t\t\n<style>\n#gap-1443839123 {\n  padding-top: 40px;\n}\n<\/style>\n\t<\/div>\n\t\n<h2><span>\u00bfPara qui\u00e9n est\u00e1 pensado este servicio?<\/span><\/h2>\n<p>Empresas que trabajan con grandes vol\u00famenes de datos estructurados o no estructurados, y que necesitan ir m\u00e1s all\u00e1 del an\u00e1lisis descriptivo. Desde startups tecnol\u00f3gicas hasta organizaciones consolidadas en sectores como la energ\u00eda, las finanzas, el retail o la log\u00edstica.<\/p>\n\t\t<\/div>\n\t\t\t\t\n<style>\n#col-1031254230 > .col-inner {\n  margin: 40px 0px 0px 0px;\n}\n<\/style>\n\t<\/div>\n\n\t\n<\/div>\n\t\t<\/div>\n\n\t\t\n<style>\n#section_1686968465 {\n  padding-top: 30px;\n  padding-bottom: 30px;\n}\n<\/style>\n\t<\/section>\n\t\n\n\t<section class=\"section cta-block dark\" id=\"section_269971379\">\n\t\t<div class=\"section-bg fill\" >\n\t\t\t\t\t\t\t\t\t\n\t\t\t\n\n\t\t<\/div>\n\n\t\t\n\n\t\t<div class=\"section-content relative\">\n\t\t\t\n\n<div class=\"row align-middle\"  id=\"row-2027426027\">\n\n\n\t<div id=\"col-664425770\" class=\"col medium-6 small-12 large-6\"  >\n\t\t\t\t<div class=\"col-inner\"  >\n\t\t\t\n\t\t\t\n\n\t<div id=\"gap-1215041039\" class=\"gap-element clearfix\" style=\"display:block; height:auto;\">\n\t\t\n<style>\n#gap-1215041039 {\n  padding-top: 80px;\n}\n@media (min-width:550px) {\n  #gap-1215041039 {\n    padding-top: 20px;\n  }\n}\n<\/style>\n\t<\/div>\n\t\n\n\t<div id=\"text-123536985\" class=\"text cta highlight\">\n\t\t\n\n<h2><span>Transforma tus datos en ventajas competitivas.<\/span><\/h2>\n<p>Cuenta con mi experiencia en la gesti\u00f3n de datos para impulsar tu negocio. Contacta ahora y da un salto en la digitalizaci\u00f3n de tu empresa.<\/p>\n\t\t\t<\/div>\n\t\n<a href=\"\/contacto\/\" class=\"button white is-outline\" >\n\t\t<span>Contacto<\/span>\n\t<\/a>\n\n\n\n\t\t<\/div>\n\t\t\t\t\t<\/div>\n\n\t\n\n\t<div id=\"col-238389694\" class=\"col medium-6 small-12 large-6\"  >\n\t\t\t\t<div class=\"col-inner text-center\"  >\n\t\t\t\n\t\t\t\n\n\n\t\t<\/div>\n\t\t\t\t\t<\/div>\n\n\t\n\n<\/div>\n\n\t\t<\/div>\n\n\t\t\n<style>\n#section_269971379 {\n  padding-top: 30px;\n  padding-bottom: 30px;\n  background-color: #2708a0;\n}\n<\/style>\n\t<\/section>\n\t\n","protected":false},"excerpt":{"rendered":"","protected":false},"author":1,"featured_media":0,"parent":1333,"menu_order":0,"comment_status":"closed","ping_status":"closed","template":"page-blank.php","meta":{"footnotes":""},"class_list":["post-1337","page","type-page","status-publish","hentry"],"_links":{"self":[{"href":"https:\/\/jaimesoroa.com\/es\/wp-json\/wp\/v2\/pages\/1337","targetHints":{"allow":["GET"]}}],"collection":[{"href":"https:\/\/jaimesoroa.com\/es\/wp-json\/wp\/v2\/pages"}],"about":[{"href":"https:\/\/jaimesoroa.com\/es\/wp-json\/wp\/v2\/types\/page"}],"author":[{"embeddable":true,"href":"https:\/\/jaimesoroa.com\/es\/wp-json\/wp\/v2\/users\/1"}],"replies":[{"embeddable":true,"href":"https:\/\/jaimesoroa.com\/es\/wp-json\/wp\/v2\/comments?post=1337"}],"version-history":[{"count":8,"href":"https:\/\/jaimesoroa.com\/es\/wp-json\/wp\/v2\/pages\/1337\/revisions"}],"predecessor-version":[{"id":1520,"href":"https:\/\/jaimesoroa.com\/es\/wp-json\/wp\/v2\/pages\/1337\/revisions\/1520"}],"up":[{"embeddable":true,"href":"https:\/\/jaimesoroa.com\/es\/wp-json\/wp\/v2\/pages\/1333"}],"wp:attachment":[{"href":"https:\/\/jaimesoroa.com\/es\/wp-json\/wp\/v2\/media?parent=1337"}],"curies":[{"name":"wp","href":"https:\/\/api.w.org\/{rel}","templated":true}]}}