{"id":1333,"date":"2025-04-07T14:27:32","date_gmt":"2025-04-07T12:27:32","guid":{"rendered":"https:\/\/jaimesoroa.com\/?page_id=1333"},"modified":"2025-04-10T21:59:45","modified_gmt":"2025-04-10T19:59:45","slug":"servicios","status":"publish","type":"page","link":"https:\/\/jaimesoroa.com\/es\/servicios\/","title":{"rendered":"Servicios"},"content":{"rendered":"\n\t<section class=\"section dark\" id=\"section_134270520\">\n\t\t<div class=\"section-bg fill\" >\n\t\t\t<img loading=\"lazy\" decoding=\"async\" width=\"1920\" height=\"960\" src=\"https:\/\/jaimesoroa.com\/wp-content\/uploads\/Servicios-Jaime_Soroa.jpg\" class=\"bg attachment-original size-original\" alt=\"Servicios Jaime Soroa\" \/>\t\t\t\t\t\t<div class=\"section-bg-overlay absolute fill\"><\/div>\n\t\t\t\n\n\t\t<\/div>\n\n\t\t\n\n\t\t<div class=\"section-content relative\">\n\t\t\t\n<div class=\"row align-middle\"  id=\"row-506967720\">\n\n\t<div id=\"col-1415397288\" class=\"col large-12\"  >\n\t\t\t\t<div class=\"col-inner\"  >\n\t\t\t\n\t\t\t\n\t<div id=\"text-1924244657\" class=\"text highlight\">\n\t\t\n<h1><span>Servicios de ciencia de datos y Big Data<\/span><\/h1>\n<p><span style=\"font-size:1.2rem\">\u2501 <span><span><a href=\"https:\/\/jaimesoroa.com\/es\/\">Jaime Soroa<\/a><\/span><\/span><\/span><\/p>\n\t\t\t<\/div>\n\t\n\t\t<\/div>\n\t\t\t\t\t<\/div>\n\n\t\n<\/div>\n\t\t<\/div>\n\n\t\t\n<style>\n#section_134270520 {\n  padding-top: 30px;\n  padding-bottom: 30px;\n  min-height: 600px;\n}\n#section_134270520 .section-bg-overlay {\n  background-color: rgba(39, 8, 160, 0.6);\n}\n<\/style>\n\t<\/section>\n\t\n\n\t<section class=\"section highlight\" id=\"section_1872369664\">\n\t\t<div class=\"section-bg fill\" >\n\t\t\t\t\t\t\t\t\t\n\t\t\t\n\n\t\t<\/div>\n\n\t\t\n\n\t\t<div class=\"section-content relative\">\n\t\t\t\n<div class=\"row\"  id=\"row-770272911\">\n\n\t<div id=\"col-1125615863\" class=\"col medium-6 small-12 large-6\"  >\n\t\t\t\t<div class=\"col-inner\"  >\n\t\t\t\n\t\t\t\n\n<div class=\"spinner-wrap\">\n<div class=\"spinner-item\"><\/div>\n<div class=\"spinner-item spinner-item--2\"><\/div>\n<div class=\"spinner-item spinner-item--3\"><\/div>\n<\/div>\n\n\t\t<\/div>\n\t\t\t\t\n<style>\n#col-1125615863 > .col-inner {\n  padding: 0px 0px 120px 0px;\n  margin: -40px 0px 0px 0px;\n}\n<\/style>\n\t<\/div>\n\n\t\n\n\t<div id=\"col-359757154\" class=\"col medium-6 small-12 large-6\"  >\n\t\t\t\t<div class=\"col-inner\"  >\n\t\t\t\n\t\t\t\n<p>El valor de los datos no est\u00e1 en su cantidad, sino en la capacidad de analizarlos, interpretarlos y convertirlos en decisiones \u00fatiles para tu empresa. A trav\u00e9s de mis servicios de <strong>Ciencia de Datos, Big Data, Machine Learning y Business Intelligence<\/strong>, te ayudo a transformar informaci\u00f3n compleja en conocimiento accionable.<\/p>\n<p>Trabajo con herramientas como <strong>Python, SQL, Power BI, TensorFlow o Google Cloud Platform<\/strong>, combinando t\u00e9cnicas estad\u00edsticas, programaci\u00f3n y visualizaci\u00f3n para construir soluciones adaptadas a las necesidades de cada cliente.<\/p>\n\t\t<\/div>\n\t\t\t\t\n<style>\n#col-359757154 > .col-inner {\n  margin: 40px 0px 0px 0px;\n}\n<\/style>\n\t<\/div>\n\n\t\n<\/div>\n\t\t<\/div>\n\n\t\t\n<style>\n#section_1872369664 {\n  padding-top: 30px;\n  padding-bottom: 30px;\n}\n<\/style>\n\t<\/section>\n\t\n\n\t<section class=\"section highlight\" id=\"section_57246777\">\n\t\t<div class=\"section-bg fill\" >\n\t\t\t\t\t\t\t\t\t\n\t\t\t\n\n\t\t<\/div>\n\n\t\t\n\n\t\t<div class=\"section-content relative\">\n\t\t\t\n<div class=\"row\"  id=\"row-1283238966\">\n\n\t<div id=\"col-1910171580\" class=\"col medium-4 small-12 large-4\"  >\n\t\t\t\t<div class=\"col-inner\"  >\n\t\t\t\n\t\t\t\n\n\t<a class=\"plain\" href=\"\/servicios\/analisis-de-datos\/\" >\t<div class=\"icon-box featured-box icon-box-center text-center\"  >\n\t\t\t\t\t<div class=\"icon-box-img\" style=\"width: 100px\">\n\t\t\t\t<div class=\"icon\">\n\t\t\t\t\t<div class=\"icon-inner\" >\n\t\t\t\t\t\t<svg width=\"200\" height=\"100\" viewBox=\"0 0 200 100\" xmlns=\"http:\/\/www.w3.org\/2000\/svg\">\r\n  <rect x=\"20\" y=\"50\" width=\"20\" height=\"50\" fill=\"#4CAF50\">\r\n    <animate attributeName=\"height\" values=\"20;50;30;50;20\" dur=\"2s\" repeatCount=\"indefinite\" \/>\r\n    <animate attributeName=\"y\" values=\"80;50;70;50;80\" dur=\"2s\" repeatCount=\"indefinite\" \/>\r\n  <\/rect>\r\n  <rect x=\"60\" y=\"30\" width=\"20\" height=\"70\" fill=\"#2196F3\">\r\n    <animate attributeName=\"height\" values=\"70;40;60;30;70\" dur=\"2s\" begin=\"0.3s\" repeatCount=\"indefinite\" \/>\r\n    <animate attributeName=\"y\" values=\"30;60;40;70;30\" dur=\"2s\" begin=\"0.3s\" repeatCount=\"indefinite\" \/>\r\n  <\/rect>\r\n  <rect x=\"100\" y=\"40\" width=\"20\" height=\"60\" fill=\"#FFC107\">\r\n    <animate attributeName=\"height\" values=\"60;30;50;70;60\" dur=\"2s\" begin=\"0.6s\" repeatCount=\"indefinite\" \/>\r\n    <animate attributeName=\"y\" values=\"40;70;50;30;40\" dur=\"2s\" begin=\"0.6s\" repeatCount=\"indefinite\" \/>\r\n  <\/rect>\r\n  <rect x=\"140\" y=\"60\" width=\"20\" height=\"40\" fill=\"#E91E63\">\r\n    <animate attributeName=\"height\" values=\"40;70;30;60;40\" dur=\"2s\" begin=\"0.9s\" repeatCount=\"indefinite\" \/>\r\n    <animate attributeName=\"y\" values=\"60;30;70;40;60\" dur=\"2s\" begin=\"0.9s\" repeatCount=\"indefinite\" \/>\r\n  <\/rect>\r\n<\/svg>\r\n\t\t\t\t\t<\/div>\n\t\t\t\t<\/div>\n\t\t\t<\/div>\n\t\t\t\t<div class=\"icon-box-text last-reset\">\n\t\t\t\t\t\t\t\t\t\n<h2><span>An\u00e1lisis de Datos y Business Intelligence<\/span><\/h2>\n<p>Convierte tus datos en decisiones estrat\u00e9gicas con paneles interactivos, automatizaci\u00f3n de informes y visualizaciones adaptadas a tus objetivos de negocio. Trabajo con Power BI, SQL y Python para integrar distintas fuentes de datos y generar informes claros, visuales y funcionales.<\/p>\n\t<div id=\"gap-955152216\" class=\"gap-element clearfix hide-for-small\" style=\"display:block; height:auto;\">\n\t\t\n<style>\n#gap-955152216 {\n  padding-top: 20px;\n}\n<\/style>\n\t<\/div>\n\t\n<a href=\"\/servicios\/analisis-de-datos\/\" class=\"button primary is-underline\" >\n\t\t<span>Ver servicio de An\u00e1lisis de datos<\/span>\n\t<i class=\"icon-angle-right\" aria-hidden=\"true\"><\/i><\/a>\n\n\t\t<\/div>\n\t<\/div>\n\t<\/a>\n\t\n\t\t<\/div>\n\t\t\t\t\n<style>\n#col-1910171580 > .col-inner {\n  padding: 0px 0px 20px 0px;\n}\n@media (min-width:550px) {\n  #col-1910171580 > .col-inner {\n    padding: 0px 20px 0px 0px;\n  }\n}\n<\/style>\n\t<\/div>\n\n\t\n\n\t<div id=\"col-2134507890\" class=\"col medium-4 small-12 large-4\"  >\n\t\t\t\t<div class=\"col-inner\"  >\n\t\t\t\n\t\t\t\n\n\t<a class=\"plain\" href=\"\/servicios\/big-data-machine-learning\/\" >\t<div class=\"icon-box featured-box icon-box-center text-center\"  >\n\t\t\t\t\t<div class=\"icon-box-img\" style=\"width: 100px\">\n\t\t\t\t<div class=\"icon\">\n\t\t\t\t\t<div class=\"icon-inner\" >\n\t\t\t\t\t\t<svg width=\"200\" height=\"100\" viewBox=\"0 0 100 60\" xmlns=\"http:\/\/www.w3.org\/2000\/svg\">\r\n  <!-- Nodos -->\r\n  <circle cx=\"20\" cy=\"20\" r=\"3\" fill=\"#673AB7\">\r\n    <animate attributeName=\"r\" values=\"3;5;3\" dur=\"1.5s\" repeatCount=\"indefinite\"\/>\r\n  <\/circle>\r\n  <circle cx=\"50\" cy=\"10\" r=\"3\" fill=\"#673AB7\">\r\n    <animate attributeName=\"r\" values=\"3;5;3\" dur=\"1.2s\" begin=\"0.3s\" repeatCount=\"indefinite\"\/>\r\n  <\/circle>\r\n  <circle cx=\"80\" cy=\"20\" r=\"3\" fill=\"#673AB7\">\r\n    <animate attributeName=\"r\" values=\"3;5;3\" dur=\"1.5s\" begin=\"0.6s\" repeatCount=\"indefinite\"\/>\r\n  <\/circle>\r\n  <circle cx=\"35\" cy=\"40\" r=\"3\" fill=\"#673AB7\">\r\n    <animate attributeName=\"r\" values=\"3;5;3\" dur=\"1.3s\" begin=\"0.15s\" repeatCount=\"indefinite\"\/>\r\n  <\/circle>\r\n  <circle cx=\"65\" cy=\"40\" r=\"3\" fill=\"#673AB7\">\r\n    <animate attributeName=\"r\" values=\"3;5;3\" dur=\"1.3s\" begin=\"0.45s\" repeatCount=\"indefinite\"\/>\r\n  <\/circle>\r\n\r\n  <!-- Conexiones -->\r\n  <line x1=\"20\" y1=\"20\" x2=\"50\" y2=\"10\" stroke=\"#9C27B0\" stroke-width=\"1.5\" \/>\r\n  <line x1=\"50\" y1=\"10\" x2=\"80\" y2=\"20\" stroke=\"#9C27B0\" stroke-width=\"1.5\" \/>\r\n  <line x1=\"20\" y1=\"20\" x2=\"35\" y2=\"40\" stroke=\"#9C27B0\" stroke-width=\"1.2\" \/>\r\n  <line x1=\"50\" y1=\"10\" x2=\"65\" y2=\"40\" stroke=\"#9C27B0\" stroke-width=\"1.2\" \/>\r\n  <line x1=\"80\" y1=\"20\" x2=\"65\" y2=\"40\" stroke=\"#9C27B0\" stroke-width=\"1.2\" \/>\r\n\r\n  <!-- Flujo animado -->\r\n  <circle cx=\"20\" cy=\"20\" r=\"1.5\" fill=\"#E1BEE7\">\r\n    <animateMotion dur=\"2s\" repeatCount=\"indefinite\" path=\"M0,0 L30,-10 L60,0\" \/>\r\n  <\/circle>\r\n<\/svg>\r\n\t\t\t\t\t<\/div>\n\t\t\t\t<\/div>\n\t\t\t<\/div>\n\t\t\t\t<div class=\"icon-box-text last-reset\">\n\t\t\t\t\t\t\t\t\t\n<h2><span>Big Data y Machine Learning<\/span><\/h2>\n<p>Dise\u00f1o modelos predictivos, algoritmos de clasificaci\u00f3n, detecci\u00f3n de anomal\u00edas y automatizaci\u00f3n de procesos usando t\u00e9cnicas avanzadas de Machine Learning. Integro soluciones escalables para entornos que requieren el procesamiento de grandes vol\u00famenes de datos.<\/p>\n\t<div id=\"gap-57125754\" class=\"gap-element clearfix hide-for-small\" style=\"display:block; height:auto;\">\n\t\t\n<style>\n#gap-57125754 {\n  padding-top: 20px;\n}\n<\/style>\n\t<\/div>\n\t\n<a href=\"\/servicios\/big-data-machine-learning\/\" class=\"button primary is-underline\" >\n\t\t<span>Ver servicio de Big Data y Machine Learning<\/span>\n\t<i class=\"icon-angle-right\" aria-hidden=\"true\"><\/i><\/a>\n\n\t\t<\/div>\n\t<\/div>\n\t<\/a>\n\t\n\t\t<\/div>\n\t\t\t\t\n<style>\n#col-2134507890 > .col-inner {\n  padding: 0px 0px 20px 0px;\n}\n<\/style>\n\t<\/div>\n\n\t\n\n\t<div id=\"col-547647316\" class=\"col medium-4 small-12 large-4\"  >\n\t\t\t\t<div class=\"col-inner\"  >\n\t\t\t\n\t\t\t\n\n\t<a class=\"plain\" href=\"\/servicios\/procesamiento-datos-nube\/\" >\t<div class=\"icon-box featured-box icon-box-center text-center\"  >\n\t\t\t\t\t<div class=\"icon-box-img\" style=\"width: 100px\">\n\t\t\t\t<div class=\"icon\">\n\t\t\t\t\t<div class=\"icon-inner\" >\n\t\t\t\t\t\t<svg width=\"200\" height=\"100\" viewBox=\"0 0 120 60\" xmlns=\"http:\/\/www.w3.org\/2000\/svg\">\r\n  <!-- Cuerpo de la nube -->\r\n  <path d=\"M30 40 Q35 25 50 30 Q55 20 70 30 Q80 35 75 45 H30 Z\" fill=\"#26c3c4\" stroke=\"#2708a0\" stroke-width=\"1.5\"\/>\r\n\r\n  <!-- Flecha entrando -->\r\n  <polygon points=\"20,20 25,25 20,30\" fill=\"#26c3c4\">\r\n    <animateTransform attributeName=\"transform\" type=\"translate\" from=\"0,0\" to=\"10,10\" dur=\"1.8s\" repeatCount=\"indefinite\" \/>\r\n  <\/polygon>\r\n  <line x1=\"20\" y1=\"25\" x2=\"30\" y2=\"35\" stroke=\"#2708a0\" stroke-width=\"1.5\" stroke-dasharray=\"4 2\">\r\n    <animate attributeName=\"stroke-dashoffset\" values=\"4;0\" dur=\"1.8s\" repeatCount=\"indefinite\" \/>\r\n  <\/line>\r\n\r\n  <!-- Flecha saliendo -->\r\n  <polygon points=\"90,30 95,25 90,20\" fill=\"#26c3c4\">\r\n    <animateTransform attributeName=\"transform\" type=\"translate\" from=\"0,0\" to=\"-10,-10\" dur=\"1.8s\" repeatCount=\"indefinite\" \/>\r\n  <\/polygon>\r\n  <line x1=\"90\" y1=\"25\" x2=\"80\" y2=\"15\" stroke=\"#2708a0\" stroke-width=\"1.5\" stroke-dasharray=\"4 2\">\r\n    <animate attributeName=\"stroke-dashoffset\" values=\"4;0\" dur=\"1.8s\" repeatCount=\"indefinite\" \/>\r\n  <\/line>\r\n\r\n  <!-- Puntos de actividad -->\r\n  <circle cx=\"50\" cy=\"36\" r=\"2\" fill=\"#2708a0\">\r\n    <animate attributeName=\"r\" values=\"2;4;2\" dur=\"1.5s\" repeatCount=\"indefinite\"\/>\r\n  <\/circle>\r\n  <circle cx=\"60\" cy=\"36\" r=\"2\" fill=\"#2708a0\">\r\n    <animate attributeName=\"r\" values=\"2;4;2\" dur=\"1.5s\" begin=\"0.3s\" repeatCount=\"indefinite\"\/>\r\n  <\/circle>\r\n  <circle cx=\"70\" cy=\"36\" r=\"2\" fill=\"#2708a0\">\r\n    <animate attributeName=\"r\" values=\"2;4;2\" dur=\"1.5s\" begin=\"0.6s\" repeatCount=\"indefinite\"\/>\r\n  <\/circle>\r\n<\/svg>\r\n\t\t\t\t\t<\/div>\n\t\t\t\t<\/div>\n\t\t\t<\/div>\n\t\t\t\t<div class=\"icon-box-text last-reset\">\n\t\t\t\t\t\t\t\t\t\n<h2><span>Procesamiento de datos en la nube<\/span><\/h2>\n<p>Escala tus operaciones con soluciones basadas en cloud computing. Desarrollo arquitecturas de an\u00e1lisis de datos en plataformas como Google Cloud, AWS o Azure, optimizando el rendimiento, el acceso y los costes de procesamiento.<\/p>\n\t<div id=\"gap-1178628905\" class=\"gap-element clearfix hide-for-small\" style=\"display:block; height:auto;\">\n\t\t\n<style>\n#gap-1178628905 {\n  padding-top: 50px;\n}\n<\/style>\n\t<\/div>\n\t\n<a href=\"\/servicios\/procesamiento-datos-nube\/\" class=\"button primary is-underline\" >\n\t\t<span>Ver servicio de Procesamiento en la nube<\/span>\n\t<i class=\"icon-angle-right\" aria-hidden=\"true\"><\/i><\/a>\n\n\t\t<\/div>\n\t<\/div>\n\t<\/a>\n\t\n\t\t<\/div>\n\t\t\t\t\n<style>\n#col-547647316 > .col-inner {\n  padding: 0px 0px 20px 0px;\n}\n@media (min-width:550px) {\n  #col-547647316 > .col-inner {\n    padding: 0px 0px 0px 20px;\n  }\n}\n<\/style>\n\t<\/div>\n\n\t\n<\/div>\n\t\t<\/div>\n\n\t\t\n<style>\n#section_57246777 {\n  padding-top: 30px;\n  padding-bottom: 30px;\n}\n<\/style>\n\t<\/section>\n\t\n\n\t<section class=\"section cta-block dark\" id=\"section_1923774813\">\n\t\t<div class=\"section-bg fill\" >\n\t\t\t\t\t\t\t\t\t\n\t\t\t\n\n\t\t<\/div>\n\n\t\t\n\n\t\t<div class=\"section-content relative\">\n\t\t\t\n\n<div class=\"row align-middle\"  id=\"row-345837396\">\n\n\n\t<div id=\"col-1319315966\" class=\"col medium-6 small-12 large-6\"  >\n\t\t\t\t<div class=\"col-inner\"  >\n\t\t\t\n\t\t\t\n\n\t<div id=\"gap-1411036203\" class=\"gap-element clearfix\" style=\"display:block; height:auto;\">\n\t\t\n<style>\n#gap-1411036203 {\n  padding-top: 80px;\n}\n@media (min-width:550px) {\n  #gap-1411036203 {\n    padding-top: 20px;\n  }\n}\n<\/style>\n\t<\/div>\n\t\n\n\t<div id=\"text-252434433\" class=\"text cta highlight\">\n\t\t\n\n<h2><span>Transforma tus datos en ventajas competitivas.<\/span><\/h2>\n<p>Cuenta con mi experiencia en la gesti\u00f3n de datos para impulsar tu negocio. Contacta ahora y da un salto en la digitalizaci\u00f3n de tu empresa.<\/p>\n\t\t\t<\/div>\n\t\n<a href=\"\/contacto\/\" class=\"button white is-outline\" >\n\t\t<span>Contacto<\/span>\n\t<\/a>\n\n\n\n\t\t<\/div>\n\t\t\t\t\t<\/div>\n\n\t\n\n\t<div id=\"col-1116887675\" class=\"col medium-6 small-12 large-6\"  >\n\t\t\t\t<div class=\"col-inner text-center\"  >\n\t\t\t\n\t\t\t\n\n\n\t\t<\/div>\n\t\t\t\t\t<\/div>\n\n\t\n\n<\/div>\n\n\t\t<\/div>\n\n\t\t\n<style>\n#section_1923774813 {\n  padding-top: 30px;\n  padding-bottom: 30px;\n  background-color: #2708a0;\n}\n<\/style>\n\t<\/section>\n\t\n","protected":false},"excerpt":{"rendered":"","protected":false},"author":1,"featured_media":0,"parent":0,"menu_order":0,"comment_status":"closed","ping_status":"closed","template":"page-blank.php","meta":{"footnotes":""},"class_list":["post-1333","page","type-page","status-publish","hentry"],"_links":{"self":[{"href":"https:\/\/jaimesoroa.com\/es\/wp-json\/wp\/v2\/pages\/1333","targetHints":{"allow":["GET"]}}],"collection":[{"href":"https:\/\/jaimesoroa.com\/es\/wp-json\/wp\/v2\/pages"}],"about":[{"href":"https:\/\/jaimesoroa.com\/es\/wp-json\/wp\/v2\/types\/page"}],"author":[{"embeddable":true,"href":"https:\/\/jaimesoroa.com\/es\/wp-json\/wp\/v2\/users\/1"}],"replies":[{"embeddable":true,"href":"https:\/\/jaimesoroa.com\/es\/wp-json\/wp\/v2\/comments?post=1333"}],"version-history":[{"count":30,"href":"https:\/\/jaimesoroa.com\/es\/wp-json\/wp\/v2\/pages\/1333\/revisions"}],"predecessor-version":[{"id":1382,"href":"https:\/\/jaimesoroa.com\/es\/wp-json\/wp\/v2\/pages\/1333\/revisions\/1382"}],"wp:attachment":[{"href":"https:\/\/jaimesoroa.com\/es\/wp-json\/wp\/v2\/media?parent=1333"}],"curies":[{"name":"wp","href":"https:\/\/api.w.org\/{rel}","templated":true}]}}